{"id":65,"date":"2020-03-13T14:29:40","date_gmt":"2020-03-13T13:29:40","guid":{"rendered":"http:\/\/apparthotel-bugey.com\/?page_id=65"},"modified":"2023-03-17T14:35:04","modified_gmt":"2023-03-17T13:35:04","slug":"vos-commentaires","status":"publish","type":"page","link":"https:\/\/apparthotel-bugey.com\/index.php\/vos-commentaires\/","title":{"rendered":"Vos commentaires"},"content":{"rendered":"<p><a href=\"https:\/\/www.airbnb.fr\/users\/70891994\/listings?user_id=70891994&amp;s=50\"><img loading=\"lazy\" decoding=\"async\" class=\"wp-image-66 size-thumbnail alignleft\" src=\"http:\/\/apparthotel-bugey.com\/wp-content\/uploads\/2020\/03\/Couleur-logo-Airbnb-150x150.jpg\" alt=\"\" width=\"150\" height=\"150\" \/><\/a><\/p>\n<p><img loading=\"lazy\" decoding=\"async\" class=\"size-full wp-image-71 aligncenter\" src=\"http:\/\/apparthotel-bugey.com\/wp-content\/uploads\/2020\/03\/superhote-airbnb.png\" alt=\"\" width=\"626\" height=\"98\" srcset=\"https:\/\/apparthotel-bugey.com\/wp-content\/uploads\/2020\/03\/superhote-airbnb.png 626w, https:\/\/apparthotel-bugey.com\/wp-content\/uploads\/2020\/03\/superhote-airbnb-300x47.png 300w\" sizes=\"auto, (max-width: 626px) 100vw, 626px\" \/><\/p>\n<p><a href=\"https:\/\/www.airbnb.fr\/users\/70891994\/listings?user_id=70891994&amp;s=50\"><img loading=\"lazy\" decoding=\"async\" class=\"alignnone size-full wp-image-449\" src=\"http:\/\/apparthotel-bugey.com\/wp-content\/uploads\/2023\/03\/Capture-decran-2023-03-17-a-13.52.27.png\" alt=\"\" width=\"334\" height=\"84\" srcset=\"https:\/\/apparthotel-bugey.com\/wp-content\/uploads\/2023\/03\/Capture-decran-2023-03-17-a-13.52.27.png 334w, https:\/\/apparthotel-bugey.com\/wp-content\/uploads\/2023\/03\/Capture-decran-2023-03-17-a-13.52.27-300x75.png 300w\" sizes=\"auto, (max-width: 334px) 100vw, 334px\" \/><\/a><\/p>\n<p>&nbsp;<\/p>\n<p><img loading=\"lazy\" decoding=\"async\" class=\"alignnone wp-image-452\" src=\"http:\/\/apparthotel-bugey.com\/wp-content\/uploads\/2023\/03\/logo-booking.com_.png\" alt=\"\" width=\"202\" height=\"34\" srcset=\"https:\/\/apparthotel-bugey.com\/wp-content\/uploads\/2023\/03\/logo-booking.com_.png 548w, https:\/\/apparthotel-bugey.com\/wp-content\/uploads\/2023\/03\/logo-booking.com_-300x50.png 300w\" sizes=\"auto, (max-width: 202px) 100vw, 202px\" \/><\/p>\n<p><img loading=\"lazy\" decoding=\"async\" class=\"wp-image-453 alignnone\" src=\"http:\/\/apparthotel-bugey.com\/wp-content\/uploads\/2023\/03\/Digital-Award-TRA-2023.png\" alt=\"\" width=\"255\" height=\"255\" srcset=\"https:\/\/apparthotel-bugey.com\/wp-content\/uploads\/2023\/03\/Digital-Award-TRA-2023.png 1080w, https:\/\/apparthotel-bugey.com\/wp-content\/uploads\/2023\/03\/Digital-Award-TRA-2023-300x300.png 300w, https:\/\/apparthotel-bugey.com\/wp-content\/uploads\/2023\/03\/Digital-Award-TRA-2023-1024x1024.png 1024w, https:\/\/apparthotel-bugey.com\/wp-content\/uploads\/2023\/03\/Digital-Award-TRA-2023-150x150.png 150w, https:\/\/apparthotel-bugey.com\/wp-content\/uploads\/2023\/03\/Digital-Award-TRA-2023-768x768.png 768w, https:\/\/apparthotel-bugey.com\/wp-content\/uploads\/2023\/03\/Digital-Award-TRA-2023-676x676.png 676w\" sizes=\"auto, (max-width: 255px) 100vw, 255px\" \/><\/p>\n<p>&nbsp;<\/p>\n<p><a href=\"https:\/\/g.page\/r\/CZGtXqaLAcZsEB0\/review\"><img loading=\"lazy\" decoding=\"async\" class=\"alignnone size-full wp-image-454\" src=\"http:\/\/apparthotel-bugey.com\/wp-content\/uploads\/2023\/03\/google-logo.png\" alt=\"\" width=\"275\" height=\"183\" \/><\/a><\/p>\n","protected":false},"excerpt":{"rendered":"<p>&nbsp; &nbsp;<\/p>\n","protected":false},"author":1,"featured_media":0,"parent":0,"menu_order":0,"comment_status":"closed","ping_status":"closed","template":"","meta":{"_exactmetrics_skip_tracking":false,"_exactmetrics_sitenote_active":false,"_exactmetrics_sitenote_note":"","_exactmetrics_sitenote_category":0,"footnotes":""},"class_list":["post-65","page","type-page","status-publish","hentry","post-preview"],"yoast_head":"<!-- This site is optimized with the Yoast SEO plugin v26.3 - https:\/\/yoast.com\/wordpress\/plugins\/seo\/ -->\n<title>Vos commentaires - AppartH\u00f4tel-Bugey<\/title>\n<meta name=\"robots\" content=\"noindex, follow\" \/>\n<meta property=\"og:locale\" content=\"fr_FR\" \/>\n<meta property=\"og:type\" content=\"article\" \/>\n<meta property=\"og:title\" content=\"Vos commentaires - AppartH\u00f4tel-Bugey\" \/>\n<meta property=\"og:description\" content=\"&nbsp; &nbsp;\" \/>\n<meta property=\"og:url\" content=\"https:\/\/apparthotel-bugey.com\/index.php\/vos-commentaires\/\" \/>\n<meta property=\"og:site_name\" content=\"AppartH\u00f4tel-Bugey\" \/>\n<meta property=\"article:modified_time\" content=\"2023-03-17T13:35:04+00:00\" \/>\n<meta property=\"og:image\" content=\"http:\/\/apparthotel-bugey.com\/wp-content\/uploads\/2020\/03\/Couleur-logo-Airbnb-150x150.jpg\" \/>\n<meta name=\"twitter:card\" content=\"summary_large_image\" \/>\n<meta name=\"twitter:label1\" content=\"Dur\u00e9e de lecture estim\u00e9e\" \/>\n\t<meta name=\"twitter:data1\" content=\"2 minutes\" \/>\n<script type=\"application\/ld+json\" class=\"yoast-schema-graph\">{\"@context\":\"https:\/\/schema.org\",\"@graph\":[{\"@type\":\"WebPage\",\"@id\":\"https:\/\/apparthotel-bugey.com\/index.php\/vos-commentaires\/\",\"url\":\"https:\/\/apparthotel-bugey.com\/index.php\/vos-commentaires\/\",\"name\":\"Vos commentaires - AppartH\u00f4tel-Bugey\",\"isPartOf\":{\"@id\":\"http:\/\/apparthotel-bugey.com\/#website\"},\"primaryImageOfPage\":{\"@id\":\"https:\/\/apparthotel-bugey.com\/index.php\/vos-commentaires\/#primaryimage\"},\"image\":{\"@id\":\"https:\/\/apparthotel-bugey.com\/index.php\/vos-commentaires\/#primaryimage\"},\"thumbnailUrl\":\"http:\/\/apparthotel-bugey.com\/wp-content\/uploads\/2020\/03\/Couleur-logo-Airbnb-150x150.jpg\",\"datePublished\":\"2020-03-13T13:29:40+00:00\",\"dateModified\":\"2023-03-17T13:35:04+00:00\",\"breadcrumb\":{\"@id\":\"https:\/\/apparthotel-bugey.com\/index.php\/vos-commentaires\/#breadcrumb\"},\"inLanguage\":\"fr-FR\",\"potentialAction\":[{\"@type\":\"ReadAction\",\"target\":[\"https:\/\/apparthotel-bugey.com\/index.php\/vos-commentaires\/\"]}]},{\"@type\":\"ImageObject\",\"inLanguage\":\"fr-FR\",\"@id\":\"https:\/\/apparthotel-bugey.com\/index.php\/vos-commentaires\/#primaryimage\",\"url\":\"https:\/\/apparthotel-bugey.com\/wp-content\/uploads\/2020\/03\/Couleur-logo-Airbnb.jpg\",\"contentUrl\":\"https:\/\/apparthotel-bugey.com\/wp-content\/uploads\/2020\/03\/Couleur-logo-Airbnb.jpg\",\"width\":1920,\"height\":1080},{\"@type\":\"BreadcrumbList\",\"@id\":\"https:\/\/apparthotel-bugey.com\/index.php\/vos-commentaires\/#breadcrumb\",\"itemListElement\":[{\"@type\":\"ListItem\",\"position\":1,\"name\":\"Accueil\",\"item\":\"http:\/\/apparthotel-bugey.com\/\"},{\"@type\":\"ListItem\",\"position\":2,\"name\":\"Vos commentaires\"}]},{\"@type\":\"WebSite\",\"@id\":\"http:\/\/apparthotel-bugey.com\/#website\",\"url\":\"http:\/\/apparthotel-bugey.com\/\",\"name\":\"AppartH\u00f4tel-Bugey\",\"description\":\"Une exp\u00e9rience unique pour vos s\u00e9jours dans le Bugey\",\"publisher\":{\"@id\":\"http:\/\/apparthotel-bugey.com\/#\/schema\/person\/19872d0783e546a25bab93cce75f15aa\"},\"potentialAction\":[{\"@type\":\"SearchAction\",\"target\":{\"@type\":\"EntryPoint\",\"urlTemplate\":\"http:\/\/apparthotel-bugey.com\/?s={search_term_string}\"},\"query-input\":{\"@type\":\"PropertyValueSpecification\",\"valueRequired\":true,\"valueName\":\"search_term_string\"}}],\"inLanguage\":\"fr-FR\"},{\"@type\":[\"Person\",\"Organization\"],\"@id\":\"http:\/\/apparthotel-bugey.com\/#\/schema\/person\/19872d0783e546a25bab93cce75f15aa\",\"name\":\"admin9791\",\"image\":{\"@type\":\"ImageObject\",\"inLanguage\":\"fr-FR\",\"@id\":\"http:\/\/apparthotel-bugey.com\/#\/schema\/person\/image\/\",\"url\":\"https:\/\/secure.gravatar.com\/avatar\/cfe01e4e429e4d00d284a1bb9f85f26582e01bf6e9feb1157e32a5be81d2abf9?s=96&d=mm&r=g\",\"contentUrl\":\"https:\/\/secure.gravatar.com\/avatar\/cfe01e4e429e4d00d284a1bb9f85f26582e01bf6e9feb1157e32a5be81d2abf9?s=96&d=mm&r=g\",\"caption\":\"admin9791\"},\"logo\":{\"@id\":\"http:\/\/apparthotel-bugey.com\/#\/schema\/person\/image\/\"}}]}<\/script>\n<!-- \/ Yoast SEO plugin. -->","yoast_head_json":{"title":"Vos commentaires - AppartH\u00f4tel-Bugey","robots":{"index":"noindex","follow":"follow"},"og_locale":"fr_FR","og_type":"article","og_title":"Vos commentaires - AppartH\u00f4tel-Bugey","og_description":"&nbsp; &nbsp;","og_url":"https:\/\/apparthotel-bugey.com\/index.php\/vos-commentaires\/","og_site_name":"AppartH\u00f4tel-Bugey","article_modified_time":"2023-03-17T13:35:04+00:00","og_image":[{"url":"http:\/\/apparthotel-bugey.com\/wp-content\/uploads\/2020\/03\/Couleur-logo-Airbnb-150x150.jpg","type":"","width":"","height":""}],"twitter_card":"summary_large_image","twitter_misc":{"Dur\u00e9e de lecture estim\u00e9e":"2 minutes"},"schema":{"@context":"https:\/\/schema.org","@graph":[{"@type":"WebPage","@id":"https:\/\/apparthotel-bugey.com\/index.php\/vos-commentaires\/","url":"https:\/\/apparthotel-bugey.com\/index.php\/vos-commentaires\/","name":"Vos commentaires - AppartH\u00f4tel-Bugey","isPartOf":{"@id":"http:\/\/apparthotel-bugey.com\/#website"},"primaryImageOfPage":{"@id":"https:\/\/apparthotel-bugey.com\/index.php\/vos-commentaires\/#primaryimage"},"image":{"@id":"https:\/\/apparthotel-bugey.com\/index.php\/vos-commentaires\/#primaryimage"},"thumbnailUrl":"http:\/\/apparthotel-bugey.com\/wp-content\/uploads\/2020\/03\/Couleur-logo-Airbnb-150x150.jpg","datePublished":"2020-03-13T13:29:40+00:00","dateModified":"2023-03-17T13:35:04+00:00","breadcrumb":{"@id":"https:\/\/apparthotel-bugey.com\/index.php\/vos-commentaires\/#breadcrumb"},"inLanguage":"fr-FR","potentialAction":[{"@type":"ReadAction","target":["https:\/\/apparthotel-bugey.com\/index.php\/vos-commentaires\/"]}]},{"@type":"ImageObject","inLanguage":"fr-FR","@id":"https:\/\/apparthotel-bugey.com\/index.php\/vos-commentaires\/#primaryimage","url":"https:\/\/apparthotel-bugey.com\/wp-content\/uploads\/2020\/03\/Couleur-logo-Airbnb.jpg","contentUrl":"https:\/\/apparthotel-bugey.com\/wp-content\/uploads\/2020\/03\/Couleur-logo-Airbnb.jpg","width":1920,"height":1080},{"@type":"BreadcrumbList","@id":"https:\/\/apparthotel-bugey.com\/index.php\/vos-commentaires\/#breadcrumb","itemListElement":[{"@type":"ListItem","position":1,"name":"Accueil","item":"http:\/\/apparthotel-bugey.com\/"},{"@type":"ListItem","position":2,"name":"Vos commentaires"}]},{"@type":"WebSite","@id":"http:\/\/apparthotel-bugey.com\/#website","url":"http:\/\/apparthotel-bugey.com\/","name":"AppartH\u00f4tel-Bugey","description":"Une exp\u00e9rience unique pour vos s\u00e9jours dans le Bugey","publisher":{"@id":"http:\/\/apparthotel-bugey.com\/#\/schema\/person\/19872d0783e546a25bab93cce75f15aa"},"potentialAction":[{"@type":"SearchAction","target":{"@type":"EntryPoint","urlTemplate":"http:\/\/apparthotel-bugey.com\/?s={search_term_string}"},"query-input":{"@type":"PropertyValueSpecification","valueRequired":true,"valueName":"search_term_string"}}],"inLanguage":"fr-FR"},{"@type":["Person","Organization"],"@id":"http:\/\/apparthotel-bugey.com\/#\/schema\/person\/19872d0783e546a25bab93cce75f15aa","name":"admin9791","image":{"@type":"ImageObject","inLanguage":"fr-FR","@id":"http:\/\/apparthotel-bugey.com\/#\/schema\/person\/image\/","url":"https:\/\/secure.gravatar.com\/avatar\/cfe01e4e429e4d00d284a1bb9f85f26582e01bf6e9feb1157e32a5be81d2abf9?s=96&d=mm&r=g","contentUrl":"https:\/\/secure.gravatar.com\/avatar\/cfe01e4e429e4d00d284a1bb9f85f26582e01bf6e9feb1157e32a5be81d2abf9?s=96&d=mm&r=g","caption":"admin9791"},"logo":{"@id":"http:\/\/apparthotel-bugey.com\/#\/schema\/person\/image\/"}}]}},"_links":{"self":[{"href":"https:\/\/apparthotel-bugey.com\/index.php\/wp-json\/wp\/v2\/pages\/65","targetHints":{"allow":["GET"]}}],"collection":[{"href":"https:\/\/apparthotel-bugey.com\/index.php\/wp-json\/wp\/v2\/pages"}],"about":[{"href":"https:\/\/apparthotel-bugey.com\/index.php\/wp-json\/wp\/v2\/types\/page"}],"author":[{"embeddable":true,"href":"https:\/\/apparthotel-bugey.com\/index.php\/wp-json\/wp\/v2\/users\/1"}],"replies":[{"embeddable":true,"href":"https:\/\/apparthotel-bugey.com\/index.php\/wp-json\/wp\/v2\/comments?post=65"}],"version-history":[{"count":7,"href":"https:\/\/apparthotel-bugey.com\/index.php\/wp-json\/wp\/v2\/pages\/65\/revisions"}],"predecessor-version":[{"id":455,"href":"https:\/\/apparthotel-bugey.com\/index.php\/wp-json\/wp\/v2\/pages\/65\/revisions\/455"}],"wp:attachment":[{"href":"https:\/\/apparthotel-bugey.com\/index.php\/wp-json\/wp\/v2\/media?parent=65"}],"curies":[{"name":"wp","href":"https:\/\/api.w.org\/{rel}","templated":true}]}}