{"id":38,"date":"2020-03-13T11:39:43","date_gmt":"2020-03-13T10:39:43","guid":{"rendered":"http:\/\/apparthotel-bugey.com\/?page_id=38"},"modified":"2022-09-27T15:08:25","modified_gmt":"2022-09-27T13:08:25","slug":"le-studio-du-trolliet-4p","status":"publish","type":"page","link":"https:\/\/apparthotel-bugey.com\/index.php\/le-studio-du-trolliet-4p\/","title":{"rendered":"Le Studio du Trolliet 4P"},"content":{"rendered":"<style type=\"text\/css\">.easingslider-44 { width: 100%; }.easingslider-44 .easingslider-image { max-height: 800px; max-width: 1280px; }.easingslider-44 .easingslider-fade-in, .easingslider-fade-out { -webkit-animation-duration: 800ms; -moz-animation-duration: 800ms; animation-duration: 800ms; }<\/style><script type=\"text\/javascript\">window.EasingSlider44 = {\"width\":1280,\"height\":800,\"singleItem\":true,\"items\":1,\"itemsDesktop\":false,\"itemsDesktopSmall\":false,\"itemsTablet\":false,\"itemsTabletSmall\":false,\"itemsMobile\":false,\"responsive\":true,\"lazyLoad\":true,\"autoPlay\":4000,\"slideSpeed\":800,\"navigation\":true,\"navigationText\":[\"\",\"\"],\"pagination\":true,\"autoHeight\":false,\"mouseDrag\":false,\"touchDrag\":false,\"addClassActive\":true,\"transitionStyle\":false};<\/script><div data-id=\"44\" class=\"easingslider easingslider-44 easingslider-container easingslider-full-width easingslider-resizing-enabled easingslider-aspect-ratio easingslider-arrows-inside easingslider-pagination-inside easingslider-pagination-bottom-center\"><div class=\"easingslider-slide\"><img decoding=\"async\" src=\"https:\/\/apparthotel-bugey.com\/wp-content\/plugins\/easing-slider\/assets\/images\/placeholder-pixel.png\" data-src=\"https:\/\/apparthotel-bugey.com\/wp-content\/uploads\/2026\/04\/IMG_0283-scaled-1280x800.jpeg\" alt=\"\" title=\"\" class=\"easingslider-image easingslider-lazy\" \/><\/div><div class=\"easingslider-slide\"><img decoding=\"async\" src=\"https:\/\/apparthotel-bugey.com\/wp-content\/plugins\/easing-slider\/assets\/images\/placeholder-pixel.png\" data-src=\"https:\/\/apparthotel-bugey.com\/wp-content\/uploads\/2026\/04\/IMG_0265-scaled-1280x800.jpeg\" alt=\"\" title=\"\" class=\"easingslider-image easingslider-lazy\" \/><\/div><div class=\"easingslider-slide\"><img decoding=\"async\" src=\"https:\/\/apparthotel-bugey.com\/wp-content\/plugins\/easing-slider\/assets\/images\/placeholder-pixel.png\" data-src=\"https:\/\/apparthotel-bugey.com\/wp-content\/uploads\/2026\/04\/IMG_0280-scaled-1280x800.jpeg\" alt=\"\" title=\"\" class=\"easingslider-image easingslider-lazy\" \/><\/div><div class=\"easingslider-slide\"><img decoding=\"async\" src=\"https:\/\/apparthotel-bugey.com\/wp-content\/plugins\/easing-slider\/assets\/images\/placeholder-pixel.png\" data-src=\"https:\/\/apparthotel-bugey.com\/wp-content\/uploads\/2026\/04\/IMG_0271-scaled-1280x800.jpeg\" alt=\"\" title=\"\" class=\"easingslider-image easingslider-lazy\" \/><\/div><div class=\"easingslider-slide\"><img decoding=\"async\" src=\"https:\/\/apparthotel-bugey.com\/wp-content\/plugins\/easing-slider\/assets\/images\/placeholder-pixel.png\" data-src=\"https:\/\/apparthotel-bugey.com\/wp-content\/uploads\/2026\/04\/IMG_0262-scaled-1280x800.jpeg\" alt=\"\" title=\"\" class=\"easingslider-image easingslider-lazy\" \/><\/div><div class=\"easingslider-slide\"><img decoding=\"async\" src=\"https:\/\/apparthotel-bugey.com\/wp-content\/plugins\/easing-slider\/assets\/images\/placeholder-pixel.png\" data-src=\"https:\/\/apparthotel-bugey.com\/wp-content\/uploads\/2026\/04\/IMG_0261-scaled-1280x800.jpeg\" alt=\"\" title=\"\" class=\"easingslider-image easingslider-lazy\" \/><\/div><div class=\"easingslider-slide\"><img decoding=\"async\" src=\"https:\/\/apparthotel-bugey.com\/wp-content\/plugins\/easing-slider\/assets\/images\/placeholder-pixel.png\" data-src=\"https:\/\/apparthotel-bugey.com\/wp-content\/uploads\/2026\/04\/IMG_0744-scaled-1280x800.jpeg\" alt=\"\" title=\"\" class=\"easingslider-image easingslider-lazy\" \/><\/div><div class=\"easingslider-slide\"><img decoding=\"async\" src=\"https:\/\/apparthotel-bugey.com\/wp-content\/plugins\/easing-slider\/assets\/images\/placeholder-pixel.png\" data-src=\"https:\/\/apparthotel-bugey.com\/wp-content\/uploads\/2026\/04\/IMG_0748-scaled-1280x800.jpeg\" alt=\"\" title=\"\" class=\"easingslider-image easingslider-lazy\" \/><\/div><div class=\"easingslider-slide\"><img decoding=\"async\" src=\"https:\/\/apparthotel-bugey.com\/wp-content\/plugins\/easing-slider\/assets\/images\/placeholder-pixel.png\" data-src=\"https:\/\/apparthotel-bugey.com\/wp-content\/uploads\/2026\/04\/IMG_0747-scaled-1280x800.jpeg\" alt=\"\" title=\"\" class=\"easingslider-image easingslider-lazy\" \/><\/div><div class=\"easingslider-slide\"><img decoding=\"async\" src=\"https:\/\/apparthotel-bugey.com\/wp-content\/plugins\/easing-slider\/assets\/images\/placeholder-pixel.png\" data-src=\"https:\/\/apparthotel-bugey.com\/wp-content\/uploads\/2026\/04\/IMG_0750-scaled-1280x800.jpeg\" alt=\"\" title=\"\" class=\"easingslider-image easingslider-lazy\" \/><\/div><div class=\"easingslider-slide\"><img decoding=\"async\" src=\"https:\/\/apparthotel-bugey.com\/wp-content\/plugins\/easing-slider\/assets\/images\/placeholder-pixel.png\" data-src=\"https:\/\/apparthotel-bugey.com\/wp-content\/uploads\/2026\/04\/IMG_0741-scaled-1280x800.jpeg\" alt=\"\" title=\"\" class=\"easingslider-image easingslider-lazy\" \/><\/div><div class=\"easingslider-slide\"><img decoding=\"async\" src=\"https:\/\/apparthotel-bugey.com\/wp-content\/plugins\/easing-slider\/assets\/images\/placeholder-pixel.png\" data-src=\"https:\/\/apparthotel-bugey.com\/wp-content\/uploads\/2026\/04\/IMG_0279-scaled-1280x800.jpeg\" alt=\"\" title=\"\" class=\"easingslider-image easingslider-lazy\" \/><\/div><div class=\"easingslider-slide\"><img decoding=\"async\" src=\"https:\/\/apparthotel-bugey.com\/wp-content\/plugins\/easing-slider\/assets\/images\/placeholder-pixel.png\" data-src=\"https:\/\/apparthotel-bugey.com\/wp-content\/uploads\/2026\/04\/IMG_0273-scaled-1280x800.jpeg\" alt=\"\" title=\"\" class=\"easingslider-image easingslider-lazy\" \/><\/div><div class=\"easingslider-slide\"><img decoding=\"async\" src=\"https:\/\/apparthotel-bugey.com\/wp-content\/plugins\/easing-slider\/assets\/images\/placeholder-pixel.png\" data-src=\"https:\/\/apparthotel-bugey.com\/wp-content\/uploads\/2026\/04\/IMG_0281-scaled-1280x800.jpeg\" alt=\"\" title=\"\" class=\"easingslider-image easingslider-lazy\" \/><\/div><div class=\"easingslider-slide\"><img decoding=\"async\" src=\"https:\/\/apparthotel-bugey.com\/wp-content\/plugins\/easing-slider\/assets\/images\/placeholder-pixel.png\" data-src=\"https:\/\/apparthotel-bugey.com\/wp-content\/uploads\/2026\/04\/IMG_0272-scaled-1280x800.jpeg\" alt=\"\" title=\"\" class=\"easingslider-image easingslider-lazy\" \/><\/div><div class=\"easingslider-slide\"><img decoding=\"async\" src=\"https:\/\/apparthotel-bugey.com\/wp-content\/plugins\/easing-slider\/assets\/images\/placeholder-pixel.png\" data-src=\"https:\/\/apparthotel-bugey.com\/wp-content\/uploads\/2026\/04\/IMG_0284-scaled-1280x800.jpeg\" alt=\"\" title=\"\" class=\"easingslider-image easingslider-lazy\" \/><\/div><div class=\"easingslider-slide\"><img decoding=\"async\" src=\"https:\/\/apparthotel-bugey.com\/wp-content\/plugins\/easing-slider\/assets\/images\/placeholder-pixel.png\" data-src=\"https:\/\/apparthotel-bugey.com\/wp-content\/uploads\/2026\/04\/IMG_0743-scaled-1280x800.jpeg\" alt=\"\" title=\"\" class=\"easingslider-image easingslider-lazy\" \/><\/div><div class=\"easingslider-slide\"><img decoding=\"async\" src=\"https:\/\/apparthotel-bugey.com\/wp-content\/plugins\/easing-slider\/assets\/images\/placeholder-pixel.png\" data-src=\"https:\/\/apparthotel-bugey.com\/wp-content\/uploads\/2026\/04\/IMG_0749-scaled-1280x800.jpeg\" alt=\"\" title=\"\" class=\"easingslider-image easingslider-lazy\" \/><\/div><div class=\"easingslider-slide\"><img decoding=\"async\" src=\"https:\/\/apparthotel-bugey.com\/wp-content\/plugins\/easing-slider\/assets\/images\/placeholder-pixel.png\" data-src=\"https:\/\/apparthotel-bugey.com\/wp-content\/uploads\/2026\/04\/IMG_0742-scaled-1280x800.jpeg\" alt=\"\" title=\"\" class=\"easingslider-image easingslider-lazy\" \/><\/div><\/div>\n<p><!-- bookingWidget requires jQuery and jQueryUI --><br \/>\n<!-- Include the following line ONCE ONLY on the page, preferably in the document head --><br \/>\n<script src='https:\/\/media.xmlcal.com\/widget\/1.00\/js\/bookWidget.min.js'><\/script><\/p>\n<p><!-- Place this div on your page where you want the widget to show --><\/p>\n<div id=\"bookWidget-60786-108373-0-1664283247\"><\/div>\n<p><!-- The following will initialize the widget in the above div --><br \/>\n<script>\njQuery(document).ready(function() {\n\tjQuery('#bookWidget-60786-108373-0-1664283247').bookWidget({\n\t\tpropid:108373,\n\t\tdateFormat:'dd\/mm\/yy',\n\t\tdateSelection:2,\n\t\tdefaultNightsAdvance:1,\n\t\tdefaultNumAdult:1,\n\t\tdefaultNumNight:2,\n\t\tformAction:'https:\/\/beds24.com\/booking.php',\n\t\tpeopleSelection:2,\n\t\tshowLabels:true,\n\t\twidgetLang:'fr',\n\t\twidgetType:'BookingStrip'\n\t});\n});\n<\/script><\/p>\n<h1>Le Studio du Trolliet 4P<\/h1>\n<p>Meubl\u00e9 de tourisme class\u00e9 2 \u00e9toiles<\/p>\n<p><img loading=\"lazy\" decoding=\"async\" class=\"wp-image-97 alignright\" src=\"http:\/\/apparthotel-bugey.com\/wp-content\/uploads\/2020\/03\/Plaque-Meuble_tourisme2_2020.jpg\" alt=\"\" width=\"186\" height=\"186\" srcset=\"https:\/\/apparthotel-bugey.com\/wp-content\/uploads\/2020\/03\/Plaque-Meuble_tourisme2_2020.jpg 1772w, https:\/\/apparthotel-bugey.com\/wp-content\/uploads\/2020\/03\/Plaque-Meuble_tourisme2_2020-300x300.jpg 300w, https:\/\/apparthotel-bugey.com\/wp-content\/uploads\/2020\/03\/Plaque-Meuble_tourisme2_2020-1024x1024.jpg 1024w, https:\/\/apparthotel-bugey.com\/wp-content\/uploads\/2020\/03\/Plaque-Meuble_tourisme2_2020-150x150.jpg 150w, https:\/\/apparthotel-bugey.com\/wp-content\/uploads\/2020\/03\/Plaque-Meuble_tourisme2_2020-768x768.jpg 768w, https:\/\/apparthotel-bugey.com\/wp-content\/uploads\/2020\/03\/Plaque-Meuble_tourisme2_2020-1536x1536.jpg 1536w, https:\/\/apparthotel-bugey.com\/wp-content\/uploads\/2020\/03\/Plaque-Meuble_tourisme2_2020-676x676.jpg 676w\" sizes=\"auto, (max-width: 186px) 100vw, 186px\" \/><\/p>\n<p>Apparthotel : Les atouts de ce studio sont avant tout le Calme et le Confort. Cet appartement est id\u00e9alement situ\u00e9 dans le village de Sainte-Julie. C\u2019est l\u2019emplacement id\u00e9al pour vos vacances ou voyages d\u2019affaire. De plus, sa situation vous permet de rayonner sur le Bugey et ses environs tr\u00e8s facilement.<\/p>\n<h1>Le logement<\/h1>\n<p>Vous serez \u00e0 coup sur s\u00e9duit par notre charmant studio.<\/p>\n<p>Le logement \u00e9tant non-fumeur, les voyageurs ont acc\u00e8s \u00e0 un espace terrasse privatif avec table, chaises, transat.<\/p>\n<h3>Pratique :<\/h3>\n<p>\u2013 Avant votre arriv\u00e9e nous vous envoyons notre livret d&rsquo;accueil pour pr\u00e9parer au mieux votre visite, il retrace tous les aspects pratiques de votre s\u00e9jour (logement, commerces, urgences\u2026) .<\/p>\n<p>\u2013 Le guide de bienvenue est disponible dans le logement.<\/p>\n<p>\u2013 Arriv\u00e9e \u00e0 partir 16h00<\/p>\n<p>\u2013 D\u00e9part avant 11h00<\/p>\n<h3>Confort :<\/h3>\n<p>Le logement est compos\u00e9:<\/p>\n<p>&#8211; d&rsquo;une cuisine \u00e9quip\u00e9e avec plaque vitro, four, micro-onde, cafeti\u00e8re DOLCE GUSTO, cafeti\u00e8re filtre, bouilloire, grille-pain, frigo+cong\u00e9lateur, lave vaisselle,<\/p>\n<p>&#8211; d&rsquo;une salle de bain avec baignoire,<\/p>\n<p>&#8211; d&rsquo;un WC s\u00e9par\u00e9,<\/p>\n<p>&#8211; d&rsquo;un bureau avec acc\u00e8s WIFI (fibre),<\/p>\n<p>&#8211; d&rsquo;un espace salon-T\u00e9l\u00e9vision,<\/p>\n<p>&#8211; d&rsquo;un lit 140x190cm (literie Bultex) et d&rsquo;un canap\u00e9-lit 140x190cm.<\/p>\n<p>La location comprend le linge de maison, le linge de toilette, et le linge de lit.<\/p>\n<p>Equipements : Lit parapluie\/rehausseur (sur demande) , Table et fer \u00e0 repasser, s\u00e8che-cheveux, gel douche<\/p>\n<h3>Situation G\u00e9ographique :<\/h3>\n<p>Contrairement \u00e0 la plupart des communes du Bugey qui sont en zone montagneuse, Sainte-Julie est situ\u00e9e dans la plaine, \u00e0 proximit\u00e9 de la rivi\u00e8re d&rsquo;Ain.<\/p>\n<p>La commune est \u00e0 6 km \u00e0 l&rsquo;est de Meximieux, en retrait de l&rsquo;axe routier Lyon &#8211; Amb\u00e9rieu-en-Bugey, \u00e0 7 km de Lagnieu, \u00e0 6 km de Saint-Vulbas, \u00e0 2 km de Chazey-sur-Ain et \u00e0 4 km de Leyment.<\/p>\n<p>&nbsp;<\/p>\n<h3>Stationnement et Acc\u00e8s :<\/h3>\n<ul>\n<li>Logement situ\u00e9 dans un village calme. Il est facile de trouver une place de parking.<\/li>\n<li>Non accessible aux personnes handicap\u00e9<\/li>\n<li>Appartement adjacent \u00e0 une maison familiale<\/li>\n<li>L&rsquo;acc\u00e8s au logement est plac\u00e9e sous vid\u00e9osurveillance.<\/li>\n<\/ul>\n<p>&nbsp;<\/p>\n<p>Nous parlons Anglais.<\/p>\n<p>\u00c9changes avec les voyageurs : Nous serons ravis de vous accueillir et de vous conseiller les meilleures adresses pour vous restaurer et pour sortir.<\/p>\n<p>N\u2019h\u00e9sitez pas \u00e0 nous contacter pour tout renseignement compl\u00e9mentaire.<\/p>\n","protected":false},"excerpt":{"rendered":"<p>Le Studio du Trolliet 4P Meubl\u00e9 de tourisme class\u00e9 2 \u00e9toiles Apparthotel : Les atouts de ce studio sont avant tout le Calme et le Confort. Cet appartement est id\u00e9alement situ\u00e9 dans le village de Sainte-Julie. C\u2019est l\u2019emplacement id\u00e9al pour vos vacances ou voyages d\u2019affaire. De plus, sa situation vous permet de rayonner sur le [&hellip;]<\/p>\n","protected":false},"author":1,"featured_media":0,"parent":0,"menu_order":0,"comment_status":"closed","ping_status":"closed","template":"","meta":{"_exactmetrics_skip_tracking":false,"_exactmetrics_sitenote_active":false,"_exactmetrics_sitenote_note":"","_exactmetrics_sitenote_category":0,"footnotes":""},"class_list":["post-38","page","type-page","status-publish","hentry","post-preview"],"yoast_head":"<!-- This site is optimized with the Yoast SEO plugin v26.3 - https:\/\/yoast.com\/wordpress\/plugins\/seo\/ -->\n<title>Le Studio du Trolliet 4P - AppartH\u00f4tel-Bugey<\/title>\n<meta name=\"robots\" content=\"noindex, follow\" \/>\n<meta property=\"og:locale\" content=\"fr_FR\" \/>\n<meta property=\"og:type\" content=\"article\" \/>\n<meta property=\"og:title\" content=\"Le Studio du Trolliet 4P - AppartH\u00f4tel-Bugey\" \/>\n<meta property=\"og:description\" content=\"Le Studio du Trolliet 4P Meubl\u00e9 de tourisme class\u00e9 2 \u00e9toiles Apparthotel : Les atouts de ce studio sont avant tout le Calme et le Confort. Cet appartement est id\u00e9alement situ\u00e9 dans le village de Sainte-Julie. C\u2019est l\u2019emplacement id\u00e9al pour vos vacances ou voyages d\u2019affaire. De plus, sa situation vous permet de rayonner sur le [&hellip;]\" \/>\n<meta property=\"og:url\" content=\"http:\/\/apparthotel-bugey.com\/index.php\/le-studio-du-trolliet-4p\/\" \/>\n<meta property=\"og:site_name\" content=\"AppartH\u00f4tel-Bugey\" \/>\n<meta property=\"article:modified_time\" content=\"2022-09-27T13:08:25+00:00\" \/>\n<meta property=\"og:image\" content=\"http:\/\/apparthotel-bugey.com\/wp-content\/uploads\/2020\/03\/Plaque-Meuble_tourisme2_2020.jpg\" \/>\n<meta name=\"twitter:card\" content=\"summary_large_image\" \/>\n<meta name=\"twitter:label1\" content=\"Dur\u00e9e de lecture estim\u00e9e\" \/>\n\t<meta name=\"twitter:data1\" content=\"2 minutes\" \/>\n<script type=\"application\/ld+json\" class=\"yoast-schema-graph\">{\"@context\":\"https:\/\/schema.org\",\"@graph\":[{\"@type\":\"WebPage\",\"@id\":\"http:\/\/apparthotel-bugey.com\/index.php\/le-studio-du-trolliet-4p\/\",\"url\":\"http:\/\/apparthotel-bugey.com\/index.php\/le-studio-du-trolliet-4p\/\",\"name\":\"Le Studio du Trolliet 4P - AppartH\u00f4tel-Bugey\",\"isPartOf\":{\"@id\":\"http:\/\/apparthotel-bugey.com\/#website\"},\"primaryImageOfPage\":{\"@id\":\"http:\/\/apparthotel-bugey.com\/index.php\/le-studio-du-trolliet-4p\/#primaryimage\"},\"image\":{\"@id\":\"http:\/\/apparthotel-bugey.com\/index.php\/le-studio-du-trolliet-4p\/#primaryimage\"},\"thumbnailUrl\":\"http:\/\/apparthotel-bugey.com\/wp-content\/uploads\/2020\/03\/Plaque-Meuble_tourisme2_2020.jpg\",\"datePublished\":\"2020-03-13T10:39:43+00:00\",\"dateModified\":\"2022-09-27T13:08:25+00:00\",\"breadcrumb\":{\"@id\":\"http:\/\/apparthotel-bugey.com\/index.php\/le-studio-du-trolliet-4p\/#breadcrumb\"},\"inLanguage\":\"fr-FR\",\"potentialAction\":[{\"@type\":\"ReadAction\",\"target\":[\"http:\/\/apparthotel-bugey.com\/index.php\/le-studio-du-trolliet-4p\/\"]}]},{\"@type\":\"ImageObject\",\"inLanguage\":\"fr-FR\",\"@id\":\"http:\/\/apparthotel-bugey.com\/index.php\/le-studio-du-trolliet-4p\/#primaryimage\",\"url\":\"https:\/\/apparthotel-bugey.com\/wp-content\/uploads\/2020\/03\/Plaque-Meuble_tourisme2_2020.jpg\",\"contentUrl\":\"https:\/\/apparthotel-bugey.com\/wp-content\/uploads\/2020\/03\/Plaque-Meuble_tourisme2_2020.jpg\",\"width\":1772,\"height\":1772},{\"@type\":\"BreadcrumbList\",\"@id\":\"http:\/\/apparthotel-bugey.com\/index.php\/le-studio-du-trolliet-4p\/#breadcrumb\",\"itemListElement\":[{\"@type\":\"ListItem\",\"position\":1,\"name\":\"Accueil\",\"item\":\"http:\/\/apparthotel-bugey.com\/\"},{\"@type\":\"ListItem\",\"position\":2,\"name\":\"Le Studio du Trolliet 4P\"}]},{\"@type\":\"WebSite\",\"@id\":\"http:\/\/apparthotel-bugey.com\/#website\",\"url\":\"http:\/\/apparthotel-bugey.com\/\",\"name\":\"AppartH\u00f4tel-Bugey\",\"description\":\"Une exp\u00e9rience unique pour vos s\u00e9jours dans le Bugey\",\"publisher\":{\"@id\":\"http:\/\/apparthotel-bugey.com\/#\/schema\/person\/19872d0783e546a25bab93cce75f15aa\"},\"potentialAction\":[{\"@type\":\"SearchAction\",\"target\":{\"@type\":\"EntryPoint\",\"urlTemplate\":\"http:\/\/apparthotel-bugey.com\/?s={search_term_string}\"},\"query-input\":{\"@type\":\"PropertyValueSpecification\",\"valueRequired\":true,\"valueName\":\"search_term_string\"}}],\"inLanguage\":\"fr-FR\"},{\"@type\":[\"Person\",\"Organization\"],\"@id\":\"http:\/\/apparthotel-bugey.com\/#\/schema\/person\/19872d0783e546a25bab93cce75f15aa\",\"name\":\"admin9791\",\"image\":{\"@type\":\"ImageObject\",\"inLanguage\":\"fr-FR\",\"@id\":\"http:\/\/apparthotel-bugey.com\/#\/schema\/person\/image\/\",\"url\":\"https:\/\/secure.gravatar.com\/avatar\/cfe01e4e429e4d00d284a1bb9f85f26582e01bf6e9feb1157e32a5be81d2abf9?s=96&d=mm&r=g\",\"contentUrl\":\"https:\/\/secure.gravatar.com\/avatar\/cfe01e4e429e4d00d284a1bb9f85f26582e01bf6e9feb1157e32a5be81d2abf9?s=96&d=mm&r=g\",\"caption\":\"admin9791\"},\"logo\":{\"@id\":\"http:\/\/apparthotel-bugey.com\/#\/schema\/person\/image\/\"}}]}<\/script>\n<!-- \/ Yoast SEO plugin. -->","yoast_head_json":{"title":"Le Studio du Trolliet 4P - AppartH\u00f4tel-Bugey","robots":{"index":"noindex","follow":"follow"},"og_locale":"fr_FR","og_type":"article","og_title":"Le Studio du Trolliet 4P - AppartH\u00f4tel-Bugey","og_description":"Le Studio du Trolliet 4P Meubl\u00e9 de tourisme class\u00e9 2 \u00e9toiles Apparthotel : Les atouts de ce studio sont avant tout le Calme et le Confort. Cet appartement est id\u00e9alement situ\u00e9 dans le village de Sainte-Julie. C\u2019est l\u2019emplacement id\u00e9al pour vos vacances ou voyages d\u2019affaire. De plus, sa situation vous permet de rayonner sur le [&hellip;]","og_url":"http:\/\/apparthotel-bugey.com\/index.php\/le-studio-du-trolliet-4p\/","og_site_name":"AppartH\u00f4tel-Bugey","article_modified_time":"2022-09-27T13:08:25+00:00","og_image":[{"url":"http:\/\/apparthotel-bugey.com\/wp-content\/uploads\/2020\/03\/Plaque-Meuble_tourisme2_2020.jpg","type":"","width":"","height":""}],"twitter_card":"summary_large_image","twitter_misc":{"Dur\u00e9e de lecture estim\u00e9e":"2 minutes"},"schema":{"@context":"https:\/\/schema.org","@graph":[{"@type":"WebPage","@id":"http:\/\/apparthotel-bugey.com\/index.php\/le-studio-du-trolliet-4p\/","url":"http:\/\/apparthotel-bugey.com\/index.php\/le-studio-du-trolliet-4p\/","name":"Le Studio du Trolliet 4P - AppartH\u00f4tel-Bugey","isPartOf":{"@id":"http:\/\/apparthotel-bugey.com\/#website"},"primaryImageOfPage":{"@id":"http:\/\/apparthotel-bugey.com\/index.php\/le-studio-du-trolliet-4p\/#primaryimage"},"image":{"@id":"http:\/\/apparthotel-bugey.com\/index.php\/le-studio-du-trolliet-4p\/#primaryimage"},"thumbnailUrl":"http:\/\/apparthotel-bugey.com\/wp-content\/uploads\/2020\/03\/Plaque-Meuble_tourisme2_2020.jpg","datePublished":"2020-03-13T10:39:43+00:00","dateModified":"2022-09-27T13:08:25+00:00","breadcrumb":{"@id":"http:\/\/apparthotel-bugey.com\/index.php\/le-studio-du-trolliet-4p\/#breadcrumb"},"inLanguage":"fr-FR","potentialAction":[{"@type":"ReadAction","target":["http:\/\/apparthotel-bugey.com\/index.php\/le-studio-du-trolliet-4p\/"]}]},{"@type":"ImageObject","inLanguage":"fr-FR","@id":"http:\/\/apparthotel-bugey.com\/index.php\/le-studio-du-trolliet-4p\/#primaryimage","url":"https:\/\/apparthotel-bugey.com\/wp-content\/uploads\/2020\/03\/Plaque-Meuble_tourisme2_2020.jpg","contentUrl":"https:\/\/apparthotel-bugey.com\/wp-content\/uploads\/2020\/03\/Plaque-Meuble_tourisme2_2020.jpg","width":1772,"height":1772},{"@type":"BreadcrumbList","@id":"http:\/\/apparthotel-bugey.com\/index.php\/le-studio-du-trolliet-4p\/#breadcrumb","itemListElement":[{"@type":"ListItem","position":1,"name":"Accueil","item":"http:\/\/apparthotel-bugey.com\/"},{"@type":"ListItem","position":2,"name":"Le Studio du Trolliet 4P"}]},{"@type":"WebSite","@id":"http:\/\/apparthotel-bugey.com\/#website","url":"http:\/\/apparthotel-bugey.com\/","name":"AppartH\u00f4tel-Bugey","description":"Une exp\u00e9rience unique pour vos s\u00e9jours dans le Bugey","publisher":{"@id":"http:\/\/apparthotel-bugey.com\/#\/schema\/person\/19872d0783e546a25bab93cce75f15aa"},"potentialAction":[{"@type":"SearchAction","target":{"@type":"EntryPoint","urlTemplate":"http:\/\/apparthotel-bugey.com\/?s={search_term_string}"},"query-input":{"@type":"PropertyValueSpecification","valueRequired":true,"valueName":"search_term_string"}}],"inLanguage":"fr-FR"},{"@type":["Person","Organization"],"@id":"http:\/\/apparthotel-bugey.com\/#\/schema\/person\/19872d0783e546a25bab93cce75f15aa","name":"admin9791","image":{"@type":"ImageObject","inLanguage":"fr-FR","@id":"http:\/\/apparthotel-bugey.com\/#\/schema\/person\/image\/","url":"https:\/\/secure.gravatar.com\/avatar\/cfe01e4e429e4d00d284a1bb9f85f26582e01bf6e9feb1157e32a5be81d2abf9?s=96&d=mm&r=g","contentUrl":"https:\/\/secure.gravatar.com\/avatar\/cfe01e4e429e4d00d284a1bb9f85f26582e01bf6e9feb1157e32a5be81d2abf9?s=96&d=mm&r=g","caption":"admin9791"},"logo":{"@id":"http:\/\/apparthotel-bugey.com\/#\/schema\/person\/image\/"}}]}},"_links":{"self":[{"href":"https:\/\/apparthotel-bugey.com\/index.php\/wp-json\/wp\/v2\/pages\/38","targetHints":{"allow":["GET"]}}],"collection":[{"href":"https:\/\/apparthotel-bugey.com\/index.php\/wp-json\/wp\/v2\/pages"}],"about":[{"href":"https:\/\/apparthotel-bugey.com\/index.php\/wp-json\/wp\/v2\/types\/page"}],"author":[{"embeddable":true,"href":"https:\/\/apparthotel-bugey.com\/index.php\/wp-json\/wp\/v2\/users\/1"}],"replies":[{"embeddable":true,"href":"https:\/\/apparthotel-bugey.com\/index.php\/wp-json\/wp\/v2\/comments?post=38"}],"version-history":[{"count":14,"href":"https:\/\/apparthotel-bugey.com\/index.php\/wp-json\/wp\/v2\/pages\/38\/revisions"}],"predecessor-version":[{"id":430,"href":"https:\/\/apparthotel-bugey.com\/index.php\/wp-json\/wp\/v2\/pages\/38\/revisions\/430"}],"wp:attachment":[{"href":"https:\/\/apparthotel-bugey.com\/index.php\/wp-json\/wp\/v2\/media?parent=38"}],"curies":[{"name":"wp","href":"https:\/\/api.w.org\/{rel}","templated":true}]}}