{"id":35,"date":"2020-03-13T11:36:32","date_gmt":"2020-03-13T10:36:32","guid":{"rendered":"http:\/\/apparthotel-bugey.com\/?page_id=35"},"modified":"2026-02-23T14:21:26","modified_gmt":"2026-02-23T13:21:26","slug":"les-appartements","status":"publish","type":"page","link":"https:\/\/apparthotel-bugey.com\/index.php\/les-appartements\/","title":{"rendered":"Les Appartements"},"content":{"rendered":"<ul>\n<li><strong>Les logements localis\u00e9s \u00e0 Sainte Julie<\/strong><\/li>\n<\/ul>\n<p><a href=\"http:\/\/apparthotel-bugey.com\/index.php\/le-studio-du-trolliet-4p\/\">Studio du Trolliet Sainte Julie 4 Personnes<\/a><\/p>\n<p><a href=\"http:\/\/apparthotel-bugey.com\/index.php\/le-blackwhite-4p\/\">T2 Le Black&amp;White Sainte Julie 4 Personnes<\/a><\/p>\n<p><iframe loading=\"lazy\" style=\"border: 0;\" src=\"https:\/\/www.google.com\/maps\/embed?pb=!1m18!1m12!1m3!1d2776.9621056368815!2d5.292208215561513!3d45.89207097910838!2m3!1f0!2f0!3f0!3m2!1i1024!2i768!4f13.1!3m3!1m2!1s0x478b4d2ef73d8755%3A0x6cc6018ba65ead91!2sAppart'H%C3%B4tel%20Bugey!5e0!3m2!1sfr!2sfr!4v1664369392176!5m2!1sfr!2sfr\" width=\"600\" height=\"450\" allowfullscreen=\"allowfullscreen\"><\/iframe><\/p>\n<ul>\n<li><strong>Les logements localis\u00e9s \u00e0 Lagnieu<\/strong><\/li>\n<\/ul>\n<p><a href=\"http:\/\/apparthotel-bugey.com\/index.php\/le-bramafan-4p\/\">T2 Le Bramafan Lagnieu 4 Personnes<\/a><\/p>\n<p><a href=\"http:\/\/apparthotel-bugey.com\/index.php\/le-montferrand-4p\/\">T2 Le Montferrand Lagnieu 4 Personnes<\/a><\/p>\n<p><a href=\"http:\/\/apparthotel-bugey.com\/index.php\/le-lagnolan-4p\/\">T2 Le Lagnolan Lagnieu 4 Personnes<\/a><\/p>\n<p><iframe loading=\"lazy\" style=\"border: 0;\" src=\"https:\/\/www.google.com\/maps\/embed?pb=!1m18!1m12!1m3!1d2776.4301690250113!2d5.346627215561828!3d45.90270867910854!2m3!1f0!2f0!3f0!3m2!1i1024!2i768!4f13.1!3m3!1m2!1s0x478b4e662a8dffa3%3A0x228740e76ee757dc!2s49%20Rue%20Pasteur%2C%2001150%20Lagnieu!5e0!3m2!1sfr!2sfr!4v1664369426219!5m2!1sfr!2sfr\" width=\"600\" height=\"450\" allowfullscreen=\"allowfullscreen\"><\/iframe><\/p>\n<p>&nbsp;<\/p>\n","protected":false},"excerpt":{"rendered":"<p>Les logements localis\u00e9s \u00e0 Sainte Julie Studio du Trolliet Sainte Julie 4 Personnes T2 Le Black&amp;White Sainte Julie 4 Personnes Les logements localis\u00e9s \u00e0 Lagnieu T2 Le Bramafan Lagnieu 4 Personnes T2 Le Montferrand Lagnieu 4 Personnes T2 Le Lagnolan Lagnieu 4 Personnes &nbsp;<\/p>\n","protected":false},"author":1,"featured_media":0,"parent":0,"menu_order":0,"comment_status":"closed","ping_status":"closed","template":"","meta":{"_exactmetrics_skip_tracking":false,"_exactmetrics_sitenote_active":false,"_exactmetrics_sitenote_note":"","_exactmetrics_sitenote_category":0,"footnotes":""},"class_list":["post-35","page","type-page","status-publish","hentry","post-preview"],"yoast_head":"<!-- This site is optimized with the Yoast SEO plugin v26.3 - https:\/\/yoast.com\/wordpress\/plugins\/seo\/ -->\n<title>Les Appartements - AppartH\u00f4tel-Bugey<\/title>\n<meta name=\"robots\" content=\"noindex, follow\" \/>\n<meta property=\"og:locale\" content=\"fr_FR\" \/>\n<meta property=\"og:type\" content=\"article\" \/>\n<meta property=\"og:title\" content=\"Les Appartements - AppartH\u00f4tel-Bugey\" \/>\n<meta property=\"og:description\" content=\"Les logements localis\u00e9s \u00e0 Sainte Julie Studio du Trolliet Sainte Julie 4 Personnes T2 Le Black&amp;White Sainte Julie 4 Personnes Les logements localis\u00e9s \u00e0 Lagnieu T2 Le Bramafan Lagnieu 4 Personnes T2 Le Montferrand Lagnieu 4 Personnes T2 Le Lagnolan Lagnieu 4 Personnes &nbsp;\" \/>\n<meta property=\"og:url\" content=\"https:\/\/apparthotel-bugey.com\/index.php\/les-appartements\/\" \/>\n<meta property=\"og:site_name\" content=\"AppartH\u00f4tel-Bugey\" \/>\n<meta property=\"article:modified_time\" content=\"2026-02-23T13:21:26+00:00\" \/>\n<meta name=\"twitter:card\" content=\"summary_large_image\" \/>\n<meta name=\"twitter:label1\" content=\"Dur\u00e9e de lecture estim\u00e9e\" \/>\n\t<meta name=\"twitter:data1\" content=\"1 minute\" \/>\n<script type=\"application\/ld+json\" class=\"yoast-schema-graph\">{\"@context\":\"https:\/\/schema.org\",\"@graph\":[{\"@type\":\"WebPage\",\"@id\":\"https:\/\/apparthotel-bugey.com\/index.php\/les-appartements\/\",\"url\":\"https:\/\/apparthotel-bugey.com\/index.php\/les-appartements\/\",\"name\":\"Les Appartements - AppartH\u00f4tel-Bugey\",\"isPartOf\":{\"@id\":\"http:\/\/apparthotel-bugey.com\/#website\"},\"datePublished\":\"2020-03-13T10:36:32+00:00\",\"dateModified\":\"2026-02-23T13:21:26+00:00\",\"breadcrumb\":{\"@id\":\"https:\/\/apparthotel-bugey.com\/index.php\/les-appartements\/#breadcrumb\"},\"inLanguage\":\"fr-FR\",\"potentialAction\":[{\"@type\":\"ReadAction\",\"target\":[\"https:\/\/apparthotel-bugey.com\/index.php\/les-appartements\/\"]}]},{\"@type\":\"BreadcrumbList\",\"@id\":\"https:\/\/apparthotel-bugey.com\/index.php\/les-appartements\/#breadcrumb\",\"itemListElement\":[{\"@type\":\"ListItem\",\"position\":1,\"name\":\"Accueil\",\"item\":\"http:\/\/apparthotel-bugey.com\/\"},{\"@type\":\"ListItem\",\"position\":2,\"name\":\"Les Appartements\"}]},{\"@type\":\"WebSite\",\"@id\":\"http:\/\/apparthotel-bugey.com\/#website\",\"url\":\"http:\/\/apparthotel-bugey.com\/\",\"name\":\"AppartH\u00f4tel-Bugey\",\"description\":\"Une exp\u00e9rience unique pour vos s\u00e9jours dans le Bugey\",\"publisher\":{\"@id\":\"http:\/\/apparthotel-bugey.com\/#\/schema\/person\/19872d0783e546a25bab93cce75f15aa\"},\"potentialAction\":[{\"@type\":\"SearchAction\",\"target\":{\"@type\":\"EntryPoint\",\"urlTemplate\":\"http:\/\/apparthotel-bugey.com\/?s={search_term_string}\"},\"query-input\":{\"@type\":\"PropertyValueSpecification\",\"valueRequired\":true,\"valueName\":\"search_term_string\"}}],\"inLanguage\":\"fr-FR\"},{\"@type\":[\"Person\",\"Organization\"],\"@id\":\"http:\/\/apparthotel-bugey.com\/#\/schema\/person\/19872d0783e546a25bab93cce75f15aa\",\"name\":\"admin9791\",\"image\":{\"@type\":\"ImageObject\",\"inLanguage\":\"fr-FR\",\"@id\":\"http:\/\/apparthotel-bugey.com\/#\/schema\/person\/image\/\",\"url\":\"https:\/\/secure.gravatar.com\/avatar\/cfe01e4e429e4d00d284a1bb9f85f26582e01bf6e9feb1157e32a5be81d2abf9?s=96&d=mm&r=g\",\"contentUrl\":\"https:\/\/secure.gravatar.com\/avatar\/cfe01e4e429e4d00d284a1bb9f85f26582e01bf6e9feb1157e32a5be81d2abf9?s=96&d=mm&r=g\",\"caption\":\"admin9791\"},\"logo\":{\"@id\":\"http:\/\/apparthotel-bugey.com\/#\/schema\/person\/image\/\"}}]}<\/script>\n<!-- \/ Yoast SEO plugin. -->","yoast_head_json":{"title":"Les Appartements - AppartH\u00f4tel-Bugey","robots":{"index":"noindex","follow":"follow"},"og_locale":"fr_FR","og_type":"article","og_title":"Les Appartements - AppartH\u00f4tel-Bugey","og_description":"Les logements localis\u00e9s \u00e0 Sainte Julie Studio du Trolliet Sainte Julie 4 Personnes T2 Le Black&amp;White Sainte Julie 4 Personnes Les logements localis\u00e9s \u00e0 Lagnieu T2 Le Bramafan Lagnieu 4 Personnes T2 Le Montferrand Lagnieu 4 Personnes T2 Le Lagnolan Lagnieu 4 Personnes &nbsp;","og_url":"https:\/\/apparthotel-bugey.com\/index.php\/les-appartements\/","og_site_name":"AppartH\u00f4tel-Bugey","article_modified_time":"2026-02-23T13:21:26+00:00","twitter_card":"summary_large_image","twitter_misc":{"Dur\u00e9e de lecture estim\u00e9e":"1 minute"},"schema":{"@context":"https:\/\/schema.org","@graph":[{"@type":"WebPage","@id":"https:\/\/apparthotel-bugey.com\/index.php\/les-appartements\/","url":"https:\/\/apparthotel-bugey.com\/index.php\/les-appartements\/","name":"Les Appartements - AppartH\u00f4tel-Bugey","isPartOf":{"@id":"http:\/\/apparthotel-bugey.com\/#website"},"datePublished":"2020-03-13T10:36:32+00:00","dateModified":"2026-02-23T13:21:26+00:00","breadcrumb":{"@id":"https:\/\/apparthotel-bugey.com\/index.php\/les-appartements\/#breadcrumb"},"inLanguage":"fr-FR","potentialAction":[{"@type":"ReadAction","target":["https:\/\/apparthotel-bugey.com\/index.php\/les-appartements\/"]}]},{"@type":"BreadcrumbList","@id":"https:\/\/apparthotel-bugey.com\/index.php\/les-appartements\/#breadcrumb","itemListElement":[{"@type":"ListItem","position":1,"name":"Accueil","item":"http:\/\/apparthotel-bugey.com\/"},{"@type":"ListItem","position":2,"name":"Les Appartements"}]},{"@type":"WebSite","@id":"http:\/\/apparthotel-bugey.com\/#website","url":"http:\/\/apparthotel-bugey.com\/","name":"AppartH\u00f4tel-Bugey","description":"Une exp\u00e9rience unique pour vos s\u00e9jours dans le Bugey","publisher":{"@id":"http:\/\/apparthotel-bugey.com\/#\/schema\/person\/19872d0783e546a25bab93cce75f15aa"},"potentialAction":[{"@type":"SearchAction","target":{"@type":"EntryPoint","urlTemplate":"http:\/\/apparthotel-bugey.com\/?s={search_term_string}"},"query-input":{"@type":"PropertyValueSpecification","valueRequired":true,"valueName":"search_term_string"}}],"inLanguage":"fr-FR"},{"@type":["Person","Organization"],"@id":"http:\/\/apparthotel-bugey.com\/#\/schema\/person\/19872d0783e546a25bab93cce75f15aa","name":"admin9791","image":{"@type":"ImageObject","inLanguage":"fr-FR","@id":"http:\/\/apparthotel-bugey.com\/#\/schema\/person\/image\/","url":"https:\/\/secure.gravatar.com\/avatar\/cfe01e4e429e4d00d284a1bb9f85f26582e01bf6e9feb1157e32a5be81d2abf9?s=96&d=mm&r=g","contentUrl":"https:\/\/secure.gravatar.com\/avatar\/cfe01e4e429e4d00d284a1bb9f85f26582e01bf6e9feb1157e32a5be81d2abf9?s=96&d=mm&r=g","caption":"admin9791"},"logo":{"@id":"http:\/\/apparthotel-bugey.com\/#\/schema\/person\/image\/"}}]}},"_links":{"self":[{"href":"https:\/\/apparthotel-bugey.com\/index.php\/wp-json\/wp\/v2\/pages\/35","targetHints":{"allow":["GET"]}}],"collection":[{"href":"https:\/\/apparthotel-bugey.com\/index.php\/wp-json\/wp\/v2\/pages"}],"about":[{"href":"https:\/\/apparthotel-bugey.com\/index.php\/wp-json\/wp\/v2\/types\/page"}],"author":[{"embeddable":true,"href":"https:\/\/apparthotel-bugey.com\/index.php\/wp-json\/wp\/v2\/users\/1"}],"replies":[{"embeddable":true,"href":"https:\/\/apparthotel-bugey.com\/index.php\/wp-json\/wp\/v2\/comments?post=35"}],"version-history":[{"count":21,"href":"https:\/\/apparthotel-bugey.com\/index.php\/wp-json\/wp\/v2\/pages\/35\/revisions"}],"predecessor-version":[{"id":669,"href":"https:\/\/apparthotel-bugey.com\/index.php\/wp-json\/wp\/v2\/pages\/35\/revisions\/669"}],"wp:attachment":[{"href":"https:\/\/apparthotel-bugey.com\/index.php\/wp-json\/wp\/v2\/media?parent=35"}],"curies":[{"name":"wp","href":"https:\/\/api.w.org\/{rel}","templated":true}]}}