{"id":321,"date":"2021-09-14T14:30:29","date_gmt":"2021-09-14T12:30:29","guid":{"rendered":"http:\/\/apparthotel-bugey.com\/?page_id=321"},"modified":"2021-12-08T10:52:37","modified_gmt":"2021-12-08T09:52:37","slug":"le-montferrand-4p","status":"publish","type":"page","link":"https:\/\/apparthotel-bugey.com\/index.php\/le-montferrand-4p\/","title":{"rendered":"Le Montferrand 4P"},"content":{"rendered":"<p><!-- Place this div on your page where you want the widget to show --><\/p>\n<style type=\"text\/css\">.easingslider-337 { max-width: 640px; }.easingslider-337 .easingslider-image { max-height: 400px; max-width: 640px; }.easingslider-337 .easingslider-fade-in, .easingslider-fade-out { -webkit-animation-duration: 400ms; -moz-animation-duration: 400ms; animation-duration: 400ms; }<\/style><script type=\"text\/javascript\">window.EasingSlider337 = {\"width\":640,\"height\":400,\"singleItem\":true,\"items\":1,\"itemsDesktop\":false,\"itemsDesktopSmall\":false,\"itemsTablet\":false,\"itemsTabletSmall\":false,\"itemsMobile\":false,\"responsive\":true,\"lazyLoad\":true,\"autoPlay\":4000,\"slideSpeed\":400,\"navigation\":true,\"navigationText\":[\"\",\"\"],\"pagination\":true,\"autoHeight\":false,\"mouseDrag\":false,\"touchDrag\":false,\"addClassActive\":true,\"transitionStyle\":\"fade\"};<\/script><div data-id=\"337\" class=\"easingslider easingslider-337 easingslider-container easingslider-resizing-enabled easingslider-aspect-ratio easingslider-arrows-inside easingslider-pagination-inside easingslider-pagination-bottom-center\"><div class=\"easingslider-slide\"><img decoding=\"async\" src=\"https:\/\/apparthotel-bugey.com\/wp-content\/plugins\/easing-slider\/assets\/images\/placeholder-pixel.png\" data-src=\"https:\/\/apparthotel-bugey.com\/wp-content\/uploads\/2026\/04\/IMG_0346-scaled-640x400.jpeg\" alt=\"\" title=\"\" class=\"easingslider-image easingslider-lazy\" \/><\/div><div class=\"easingslider-slide\"><img decoding=\"async\" src=\"https:\/\/apparthotel-bugey.com\/wp-content\/plugins\/easing-slider\/assets\/images\/placeholder-pixel.png\" data-src=\"https:\/\/apparthotel-bugey.com\/wp-content\/uploads\/2026\/04\/IMG_0363-scaled-640x400.jpeg\" alt=\"\" title=\"\" class=\"easingslider-image easingslider-lazy\" \/><\/div><div class=\"easingslider-slide\"><img decoding=\"async\" src=\"https:\/\/apparthotel-bugey.com\/wp-content\/plugins\/easing-slider\/assets\/images\/placeholder-pixel.png\" data-src=\"https:\/\/apparthotel-bugey.com\/wp-content\/uploads\/2026\/04\/IMG_0852-scaled-640x400.jpeg\" alt=\"\" title=\"\" class=\"easingslider-image easingslider-lazy\" \/><\/div><div class=\"easingslider-slide\"><img decoding=\"async\" src=\"https:\/\/apparthotel-bugey.com\/wp-content\/plugins\/easing-slider\/assets\/images\/placeholder-pixel.png\" data-src=\"https:\/\/apparthotel-bugey.com\/wp-content\/uploads\/2026\/04\/IMG_0849-scaled-640x400.jpeg\" alt=\"\" title=\"\" class=\"easingslider-image easingslider-lazy\" \/><\/div><div class=\"easingslider-slide\"><img decoding=\"async\" src=\"https:\/\/apparthotel-bugey.com\/wp-content\/plugins\/easing-slider\/assets\/images\/placeholder-pixel.png\" data-src=\"https:\/\/apparthotel-bugey.com\/wp-content\/uploads\/2026\/04\/IMG_0358-scaled-640x400.jpeg\" alt=\"\" title=\"\" class=\"easingslider-image easingslider-lazy\" \/><\/div><div class=\"easingslider-slide\"><img decoding=\"async\" src=\"https:\/\/apparthotel-bugey.com\/wp-content\/plugins\/easing-slider\/assets\/images\/placeholder-pixel.png\" data-src=\"https:\/\/apparthotel-bugey.com\/wp-content\/uploads\/2026\/04\/IMG_0355-scaled-640x400.jpeg\" alt=\"\" title=\"\" class=\"easingslider-image easingslider-lazy\" \/><\/div><div class=\"easingslider-slide\"><img decoding=\"async\" src=\"https:\/\/apparthotel-bugey.com\/wp-content\/plugins\/easing-slider\/assets\/images\/placeholder-pixel.png\" data-src=\"https:\/\/apparthotel-bugey.com\/wp-content\/uploads\/2026\/04\/IMG_0347-scaled-640x400.jpeg\" alt=\"\" title=\"\" class=\"easingslider-image easingslider-lazy\" \/><\/div><div class=\"easingslider-slide\"><img decoding=\"async\" src=\"https:\/\/apparthotel-bugey.com\/wp-content\/plugins\/easing-slider\/assets\/images\/placeholder-pixel.png\" data-src=\"https:\/\/apparthotel-bugey.com\/wp-content\/uploads\/2026\/04\/IMG_0361-scaled-640x400.jpeg\" alt=\"\" title=\"\" class=\"easingslider-image easingslider-lazy\" \/><\/div><div class=\"easingslider-slide\"><img decoding=\"async\" src=\"https:\/\/apparthotel-bugey.com\/wp-content\/plugins\/easing-slider\/assets\/images\/placeholder-pixel.png\" data-src=\"https:\/\/apparthotel-bugey.com\/wp-content\/uploads\/2026\/04\/IMG_0847-scaled-640x400.jpeg\" alt=\"\" title=\"\" class=\"easingslider-image easingslider-lazy\" \/><\/div><div class=\"easingslider-slide\"><img decoding=\"async\" src=\"https:\/\/apparthotel-bugey.com\/wp-content\/plugins\/easing-slider\/assets\/images\/placeholder-pixel.png\" data-src=\"https:\/\/apparthotel-bugey.com\/wp-content\/uploads\/2026\/04\/IMG_0850-scaled-640x400.jpeg\" alt=\"\" title=\"\" class=\"easingslider-image easingslider-lazy\" \/><\/div><div class=\"easingslider-slide\"><img decoding=\"async\" src=\"https:\/\/apparthotel-bugey.com\/wp-content\/plugins\/easing-slider\/assets\/images\/placeholder-pixel.png\" data-src=\"https:\/\/apparthotel-bugey.com\/wp-content\/uploads\/2026\/04\/IMG_0360-scaled-640x400.jpeg\" alt=\"\" title=\"\" class=\"easingslider-image easingslider-lazy\" \/><\/div><div class=\"easingslider-slide\"><img decoding=\"async\" src=\"https:\/\/apparthotel-bugey.com\/wp-content\/plugins\/easing-slider\/assets\/images\/placeholder-pixel.png\" data-src=\"https:\/\/apparthotel-bugey.com\/wp-content\/uploads\/2026\/04\/IMG_0352-scaled-640x400.jpeg\" alt=\"\" title=\"\" class=\"easingslider-image easingslider-lazy\" \/><\/div><div class=\"easingslider-slide\"><img decoding=\"async\" src=\"https:\/\/apparthotel-bugey.com\/wp-content\/plugins\/easing-slider\/assets\/images\/placeholder-pixel.png\" data-src=\"https:\/\/apparthotel-bugey.com\/wp-content\/uploads\/2026\/04\/IMG_0848-scaled-640x400.jpeg\" alt=\"\" title=\"\" class=\"easingslider-image easingslider-lazy\" \/><\/div><div class=\"easingslider-slide\"><img decoding=\"async\" src=\"https:\/\/apparthotel-bugey.com\/wp-content\/plugins\/easing-slider\/assets\/images\/placeholder-pixel.png\" data-src=\"https:\/\/apparthotel-bugey.com\/wp-content\/uploads\/2026\/04\/IMG_0841-scaled-640x400.jpeg\" alt=\"\" title=\"\" class=\"easingslider-image easingslider-lazy\" \/><\/div><div class=\"easingslider-slide\"><img decoding=\"async\" src=\"https:\/\/apparthotel-bugey.com\/wp-content\/plugins\/easing-slider\/assets\/images\/placeholder-pixel.png\" data-src=\"https:\/\/apparthotel-bugey.com\/wp-content\/uploads\/2026\/04\/IMG_0842-scaled-640x400.jpeg\" alt=\"\" title=\"\" class=\"easingslider-image easingslider-lazy\" \/><\/div><div class=\"easingslider-slide\"><img decoding=\"async\" src=\"https:\/\/apparthotel-bugey.com\/wp-content\/plugins\/easing-slider\/assets\/images\/placeholder-pixel.png\" data-src=\"https:\/\/apparthotel-bugey.com\/wp-content\/uploads\/2026\/04\/IMG_0357-scaled-640x400.jpeg\" alt=\"\" title=\"\" class=\"easingslider-image easingslider-lazy\" \/><\/div><div class=\"easingslider-slide\"><img decoding=\"async\" src=\"https:\/\/apparthotel-bugey.com\/wp-content\/plugins\/easing-slider\/assets\/images\/placeholder-pixel.png\" data-src=\"https:\/\/apparthotel-bugey.com\/wp-content\/uploads\/2026\/04\/IMG_0351-scaled-640x400.jpeg\" alt=\"\" title=\"\" class=\"easingslider-image easingslider-lazy\" \/><\/div><div class=\"easingslider-slide\"><img decoding=\"async\" src=\"https:\/\/apparthotel-bugey.com\/wp-content\/plugins\/easing-slider\/assets\/images\/placeholder-pixel.png\" data-src=\"https:\/\/apparthotel-bugey.com\/wp-content\/uploads\/2026\/04\/IMG_0367-scaled-640x400.jpeg\" alt=\"\" title=\"\" class=\"easingslider-image easingslider-lazy\" \/><\/div><div class=\"easingslider-slide\"><img decoding=\"async\" src=\"https:\/\/apparthotel-bugey.com\/wp-content\/plugins\/easing-slider\/assets\/images\/placeholder-pixel.png\" data-src=\"https:\/\/apparthotel-bugey.com\/wp-content\/uploads\/2026\/04\/IMG_0348-scaled-640x400.jpeg\" alt=\"\" title=\"\" class=\"easingslider-image easingslider-lazy\" \/><\/div><div class=\"easingslider-slide\"><img decoding=\"async\" src=\"https:\/\/apparthotel-bugey.com\/wp-content\/plugins\/easing-slider\/assets\/images\/placeholder-pixel.png\" data-src=\"https:\/\/apparthotel-bugey.com\/wp-content\/uploads\/2026\/04\/IMG_0350-scaled-640x400.jpeg\" alt=\"\" title=\"\" class=\"easingslider-image easingslider-lazy\" \/><\/div><div class=\"easingslider-slide\"><img decoding=\"async\" src=\"https:\/\/apparthotel-bugey.com\/wp-content\/plugins\/easing-slider\/assets\/images\/placeholder-pixel.png\" data-src=\"https:\/\/apparthotel-bugey.com\/wp-content\/uploads\/2026\/04\/IMG_0846-scaled-640x400.jpeg\" alt=\"\" title=\"\" class=\"easingslider-image easingslider-lazy\" \/><\/div><div class=\"easingslider-slide\"><img decoding=\"async\" src=\"https:\/\/apparthotel-bugey.com\/wp-content\/plugins\/easing-slider\/assets\/images\/placeholder-pixel.png\" data-src=\"https:\/\/apparthotel-bugey.com\/wp-content\/uploads\/2026\/04\/IMG_0353-scaled-640x400.jpeg\" alt=\"\" title=\"\" class=\"easingslider-image easingslider-lazy\" \/><\/div><div class=\"easingslider-slide\"><img decoding=\"async\" src=\"https:\/\/apparthotel-bugey.com\/wp-content\/plugins\/easing-slider\/assets\/images\/placeholder-pixel.png\" data-src=\"https:\/\/apparthotel-bugey.com\/wp-content\/uploads\/2026\/04\/IMG_0845-scaled-640x400.jpeg\" alt=\"\" title=\"\" class=\"easingslider-image easingslider-lazy\" \/><\/div><div class=\"easingslider-slide\"><img decoding=\"async\" src=\"https:\/\/apparthotel-bugey.com\/wp-content\/plugins\/easing-slider\/assets\/images\/placeholder-pixel.png\" data-src=\"https:\/\/apparthotel-bugey.com\/wp-content\/uploads\/2026\/04\/IMG_0365-scaled-640x400.jpeg\" alt=\"\" title=\"\" class=\"easingslider-image easingslider-lazy\" \/><\/div><div class=\"easingslider-slide\"><img decoding=\"async\" src=\"https:\/\/apparthotel-bugey.com\/wp-content\/plugins\/easing-slider\/assets\/images\/placeholder-pixel.png\" data-src=\"https:\/\/apparthotel-bugey.com\/wp-content\/uploads\/2026\/04\/IMG_0851-scaled-640x400.jpeg\" alt=\"\" title=\"\" class=\"easingslider-image easingslider-lazy\" \/><\/div><div class=\"easingslider-slide\"><img decoding=\"async\" src=\"https:\/\/apparthotel-bugey.com\/wp-content\/plugins\/easing-slider\/assets\/images\/placeholder-pixel.png\" data-src=\"https:\/\/apparthotel-bugey.com\/wp-content\/uploads\/2026\/04\/IMG_0359-scaled-640x400.jpeg\" alt=\"\" title=\"\" class=\"easingslider-image easingslider-lazy\" \/><\/div><\/div>\n<p><!-- bookingWidget requires jQuery and jQueryUI --><br \/>\n<!-- Include the following line ONCE ONLY on the page, preferably in the document head --><br \/>\n<script src='https:\/\/media.xmlcal.com\/widget\/1.00\/js\/bookWidget.min.js'><\/script><\/p>\n<p><!-- Place this div on your page where you want the widget to show --><\/p>\n<div id=\"bookWidget-60786-142655-0-1631622541\"><\/div>\n<p><!-- The following will initialize the widget in the above div --><br \/>\n<script>\njQuery(document).ready(function() {\n\tjQuery('#bookWidget-60786-142655-0-1631622541').bookWidget({\n\t\tpropid:142655,\n\t\tdateFormat:'dd\/mm\/yy',\n\t\tdateSelection:2,\n\t\tdefaultNightsAdvance:1,\n\t\tdefaultNumAdult:1,\n\t\tdefaultNumNight:2,\n\t\tformAction:'https:\/\/beds24.com\/booking.php',\n\t\tformTarget:'bookingWindow',\n\t\tmaxAdult:4,\n\t\tpeopleSelection:2,\n\t\tweekFirstDay:1,\n\t\twidgetLang:'fr',\n\t\twidgetType:'BookingStrip'\n\t});\n});\n<\/script><\/p>\n<p><!-- Place this div on your page where you want the widget to show --><\/p>\n<p>Meubl\u00e9 de tourisme class\u00e9 2 \u00e9toiles<\/p>\n<p>Appart h\u00f4tel : Les atouts de cet appartement sont avant tout le Confort et sa situation.<\/p>\n<p>Cet appartement est id\u00e9alement situ\u00e9 en plein c\u0153ur du centre ville de Lagnieu \u00e0 proximit\u00e9 de la Plaine de l&rsquo;Ain. C\u2019est l\u2019emplacement id\u00e9al pour vos vacances ou voyages d\u2019affaire. De plus, sa situation vous permet de rayonner sur le Bugey et ses environs tr\u00e8s facilement.<\/p>\n<p><img loading=\"lazy\" decoding=\"async\" class=\"wp-image-97 alignright\" src=\"http:\/\/apparthotel-bugey.com\/wp-content\/uploads\/2020\/03\/Plaque-Meuble_tourisme2_2020.jpg\" alt=\"\" width=\"186\" height=\"186\" srcset=\"https:\/\/apparthotel-bugey.com\/wp-content\/uploads\/2020\/03\/Plaque-Meuble_tourisme2_2020.jpg 1772w, https:\/\/apparthotel-bugey.com\/wp-content\/uploads\/2020\/03\/Plaque-Meuble_tourisme2_2020-300x300.jpg 300w, https:\/\/apparthotel-bugey.com\/wp-content\/uploads\/2020\/03\/Plaque-Meuble_tourisme2_2020-1024x1024.jpg 1024w, https:\/\/apparthotel-bugey.com\/wp-content\/uploads\/2020\/03\/Plaque-Meuble_tourisme2_2020-150x150.jpg 150w, https:\/\/apparthotel-bugey.com\/wp-content\/uploads\/2020\/03\/Plaque-Meuble_tourisme2_2020-768x768.jpg 768w, https:\/\/apparthotel-bugey.com\/wp-content\/uploads\/2020\/03\/Plaque-Meuble_tourisme2_2020-1536x1536.jpg 1536w, https:\/\/apparthotel-bugey.com\/wp-content\/uploads\/2020\/03\/Plaque-Meuble_tourisme2_2020-676x676.jpg 676w\" sizes=\"auto, (max-width: 186px) 100vw, 186px\" \/><\/p>\n<h1>Le logement<\/h1>\n<p>Vous serez \u00e0 coup sur s\u00e9duit par cet appartement spacieux et lumineux.<\/p>\n<p>Le logement est non-fumeur.<\/p>\n<h3>Pratique :<\/h3>\n<ul>\n<li>Avant votre arriv\u00e9e nous vous envoyons notre livret d&rsquo;accueil pour pr\u00e9parer au mieux votre visite, il retrace tous les aspects pratiques de votre s\u00e9jour (logement, commerces, urgences\u2026) .<\/li>\n<li>Le guide de bienvenue est disponible dans le logement.<\/li>\n<li>Arriv\u00e9e \u00e0 partir 16h00<\/li>\n<li>D\u00e9part avant 11h00<\/li>\n<\/ul>\n<h3>Confort :<\/h3>\n<p>Le logement est compos\u00e9:<\/p>\n<p>&#8211; d&rsquo;une cuisine \u00e9quip\u00e9e avec plaque induction, four, micro-onde, cafeti\u00e8re DOLCE GUSTO, cafeti\u00e8re filtre, bouilloire, grille-pain, frigo+cong\u00e9lateur, lave vaisselle et lave linge,<\/p>\n<p>&#8211; d&rsquo;une salle de bain avec douche,<\/p>\n<p>&#8211; d&rsquo;un WC,<\/p>\n<p>&#8211; d&rsquo;un espace salon-T\u00e9l\u00e9vision grand \u00e9cran avec acc\u00e8s WIFI (ADSL) et d&rsquo;un canap\u00e9 lit 140x190cm,<\/p>\n<p>&#8211; d&rsquo;une chambre avec un lit 160x200cm (literie ultra confort) .<\/p>\n<p>La location comprend le linge de maison, le linge de toilette, et le linge de lit.<\/p>\n<p>Equipements : Lit parapluie\/rehausseur (sur demande) , s\u00e8che-cheveux, gel douche, shampooing<\/p>\n<p>&nbsp;<\/p>\n<p><span style=\"color: #444444; font-size: 1.5em; font-weight: bold;\">Situation G\u00e9ographique :<\/span><\/p>\n<p>Vous \u00eates au c\u0153ur de Lagnieu dans la rue principale : \u00e0 quelques pas des commerces (supermarch\u00e9, commerces, march\u00e9s, foires, parc, piscine, &#8230;).<\/p>\n<p>Contrairement \u00e0 la plupart des communes du Bugey qui sont en zone montagneuse, Sainte-Julie est situ\u00e9e dans la plaine, \u00e0 proximit\u00e9 de la rivi\u00e8re d&rsquo;Ain.<\/p>\n<p>La ville de Lagnieu se situe au sud du d\u00e9partement de\u00a0l&rsquo;Ain, sur la rive droite du\u00a0Rh\u00f4ne, \u00e0 41\u00a0<abbr class=\"abbr\" title=\"kilom\u00e8tre\">km<\/abbr>\u00a0au nord-est de l&rsquo;agglom\u00e9ration\u00a0lyonnaise\u00a0et \u00e0 37\u00a0<abbr class=\"abbr\" title=\"kilom\u00e8tre\">km<\/abbr>\u00a0au sud de\u00a0Bourg-en-Bresse.<\/p>\n<p>Lagnieu est \u00e0 15 km \u00e0 l&rsquo;est de Meximieux, en retrait de l&rsquo;axe routier Lyon &#8211; Amb\u00e9rieu-en-Bugey,\u00a0 \u00e0 10 km de Saint-Vulbas, \u00e0 9 km de Chazey-sur-Ain et \u00e0 8 km d&rsquo;Amb\u00e9rieu-en-Bugey.<\/p>\n<h3><\/h3>\n<h3>Stationnement et Acc\u00e8s :<\/h3>\n<ul>\n<li>De nombreuses places de parking sont pr\u00e9sentes et le stationnement est gratuit dans toute la ville.<\/li>\n<li>Non accessible aux personnes handicap\u00e9s<\/li>\n<li>L&rsquo;entr\u00e9e de l&rsquo;immeuble est plac\u00e9e sous vid\u00e9o surveillance<\/li>\n<\/ul>\n<p>Nous parlons Anglais.<\/p>\n<p>\u00c9changes avec les voyageurs : Nous serons ravis de vous accueillir et de vous conseiller les meilleures adresses pour vous restaurer et pour sortir.<\/p>\n<p>N\u2019h\u00e9sitez pas \u00e0 nous contacter pour tout renseignement compl\u00e9mentaire.<\/p>\n","protected":false},"excerpt":{"rendered":"<p>Meubl\u00e9 de tourisme class\u00e9 2 \u00e9toiles Appart h\u00f4tel : Les atouts de cet appartement sont avant tout le Confort et sa situation. Cet appartement est id\u00e9alement situ\u00e9 en plein c\u0153ur du centre ville de Lagnieu \u00e0 proximit\u00e9 de la Plaine de l&rsquo;Ain. C\u2019est l\u2019emplacement id\u00e9al pour vos vacances ou voyages d\u2019affaire. De plus, sa situation [&hellip;]<\/p>\n","protected":false},"author":1,"featured_media":0,"parent":0,"menu_order":0,"comment_status":"closed","ping_status":"closed","template":"","meta":{"_exactmetrics_skip_tracking":false,"_exactmetrics_sitenote_active":false,"_exactmetrics_sitenote_note":"","_exactmetrics_sitenote_category":0,"footnotes":""},"class_list":["post-321","page","type-page","status-publish","hentry","post-preview"],"yoast_head":"<!-- This site is optimized with the Yoast SEO plugin v26.3 - https:\/\/yoast.com\/wordpress\/plugins\/seo\/ -->\n<title>Le Montferrand 4P - AppartH\u00f4tel-Bugey<\/title>\n<meta name=\"robots\" content=\"noindex, follow\" \/>\n<meta property=\"og:locale\" content=\"fr_FR\" \/>\n<meta property=\"og:type\" content=\"article\" \/>\n<meta property=\"og:title\" content=\"Le Montferrand 4P - AppartH\u00f4tel-Bugey\" \/>\n<meta property=\"og:description\" content=\"Meubl\u00e9 de tourisme class\u00e9 2 \u00e9toiles Appart h\u00f4tel : Les atouts de cet appartement sont avant tout le Confort et sa situation. Cet appartement est id\u00e9alement situ\u00e9 en plein c\u0153ur du centre ville de Lagnieu \u00e0 proximit\u00e9 de la Plaine de l&rsquo;Ain. C\u2019est l\u2019emplacement id\u00e9al pour vos vacances ou voyages d\u2019affaire. De plus, sa situation [&hellip;]\" \/>\n<meta property=\"og:url\" content=\"https:\/\/apparthotel-bugey.com\/index.php\/le-montferrand-4p\/\" \/>\n<meta property=\"og:site_name\" content=\"AppartH\u00f4tel-Bugey\" \/>\n<meta property=\"article:modified_time\" content=\"2021-12-08T09:52:37+00:00\" \/>\n<meta property=\"og:image\" content=\"http:\/\/apparthotel-bugey.com\/wp-content\/uploads\/2020\/03\/Plaque-Meuble_tourisme2_2020.jpg\" \/>\n<meta name=\"twitter:card\" content=\"summary_large_image\" \/>\n<meta name=\"twitter:label1\" content=\"Dur\u00e9e de lecture estim\u00e9e\" \/>\n\t<meta name=\"twitter:data1\" content=\"2 minutes\" \/>\n<script type=\"application\/ld+json\" class=\"yoast-schema-graph\">{\"@context\":\"https:\/\/schema.org\",\"@graph\":[{\"@type\":\"WebPage\",\"@id\":\"https:\/\/apparthotel-bugey.com\/index.php\/le-montferrand-4p\/\",\"url\":\"https:\/\/apparthotel-bugey.com\/index.php\/le-montferrand-4p\/\",\"name\":\"Le Montferrand 4P - AppartH\u00f4tel-Bugey\",\"isPartOf\":{\"@id\":\"http:\/\/apparthotel-bugey.com\/#website\"},\"primaryImageOfPage\":{\"@id\":\"https:\/\/apparthotel-bugey.com\/index.php\/le-montferrand-4p\/#primaryimage\"},\"image\":{\"@id\":\"https:\/\/apparthotel-bugey.com\/index.php\/le-montferrand-4p\/#primaryimage\"},\"thumbnailUrl\":\"http:\/\/apparthotel-bugey.com\/wp-content\/uploads\/2020\/03\/Plaque-Meuble_tourisme2_2020.jpg\",\"datePublished\":\"2021-09-14T12:30:29+00:00\",\"dateModified\":\"2021-12-08T09:52:37+00:00\",\"breadcrumb\":{\"@id\":\"https:\/\/apparthotel-bugey.com\/index.php\/le-montferrand-4p\/#breadcrumb\"},\"inLanguage\":\"fr-FR\",\"potentialAction\":[{\"@type\":\"ReadAction\",\"target\":[\"https:\/\/apparthotel-bugey.com\/index.php\/le-montferrand-4p\/\"]}]},{\"@type\":\"ImageObject\",\"inLanguage\":\"fr-FR\",\"@id\":\"https:\/\/apparthotel-bugey.com\/index.php\/le-montferrand-4p\/#primaryimage\",\"url\":\"https:\/\/apparthotel-bugey.com\/wp-content\/uploads\/2020\/03\/Plaque-Meuble_tourisme2_2020.jpg\",\"contentUrl\":\"https:\/\/apparthotel-bugey.com\/wp-content\/uploads\/2020\/03\/Plaque-Meuble_tourisme2_2020.jpg\",\"width\":1772,\"height\":1772},{\"@type\":\"BreadcrumbList\",\"@id\":\"https:\/\/apparthotel-bugey.com\/index.php\/le-montferrand-4p\/#breadcrumb\",\"itemListElement\":[{\"@type\":\"ListItem\",\"position\":1,\"name\":\"Accueil\",\"item\":\"http:\/\/apparthotel-bugey.com\/\"},{\"@type\":\"ListItem\",\"position\":2,\"name\":\"Le Montferrand 4P\"}]},{\"@type\":\"WebSite\",\"@id\":\"http:\/\/apparthotel-bugey.com\/#website\",\"url\":\"http:\/\/apparthotel-bugey.com\/\",\"name\":\"AppartH\u00f4tel-Bugey\",\"description\":\"Une exp\u00e9rience unique pour vos s\u00e9jours dans le Bugey\",\"publisher\":{\"@id\":\"http:\/\/apparthotel-bugey.com\/#\/schema\/person\/19872d0783e546a25bab93cce75f15aa\"},\"potentialAction\":[{\"@type\":\"SearchAction\",\"target\":{\"@type\":\"EntryPoint\",\"urlTemplate\":\"http:\/\/apparthotel-bugey.com\/?s={search_term_string}\"},\"query-input\":{\"@type\":\"PropertyValueSpecification\",\"valueRequired\":true,\"valueName\":\"search_term_string\"}}],\"inLanguage\":\"fr-FR\"},{\"@type\":[\"Person\",\"Organization\"],\"@id\":\"http:\/\/apparthotel-bugey.com\/#\/schema\/person\/19872d0783e546a25bab93cce75f15aa\",\"name\":\"admin9791\",\"image\":{\"@type\":\"ImageObject\",\"inLanguage\":\"fr-FR\",\"@id\":\"http:\/\/apparthotel-bugey.com\/#\/schema\/person\/image\/\",\"url\":\"https:\/\/secure.gravatar.com\/avatar\/cfe01e4e429e4d00d284a1bb9f85f26582e01bf6e9feb1157e32a5be81d2abf9?s=96&d=mm&r=g\",\"contentUrl\":\"https:\/\/secure.gravatar.com\/avatar\/cfe01e4e429e4d00d284a1bb9f85f26582e01bf6e9feb1157e32a5be81d2abf9?s=96&d=mm&r=g\",\"caption\":\"admin9791\"},\"logo\":{\"@id\":\"http:\/\/apparthotel-bugey.com\/#\/schema\/person\/image\/\"}}]}<\/script>\n<!-- \/ Yoast SEO plugin. -->","yoast_head_json":{"title":"Le Montferrand 4P - AppartH\u00f4tel-Bugey","robots":{"index":"noindex","follow":"follow"},"og_locale":"fr_FR","og_type":"article","og_title":"Le Montferrand 4P - AppartH\u00f4tel-Bugey","og_description":"Meubl\u00e9 de tourisme class\u00e9 2 \u00e9toiles Appart h\u00f4tel : Les atouts de cet appartement sont avant tout le Confort et sa situation. Cet appartement est id\u00e9alement situ\u00e9 en plein c\u0153ur du centre ville de Lagnieu \u00e0 proximit\u00e9 de la Plaine de l&rsquo;Ain. C\u2019est l\u2019emplacement id\u00e9al pour vos vacances ou voyages d\u2019affaire. De plus, sa situation [&hellip;]","og_url":"https:\/\/apparthotel-bugey.com\/index.php\/le-montferrand-4p\/","og_site_name":"AppartH\u00f4tel-Bugey","article_modified_time":"2021-12-08T09:52:37+00:00","og_image":[{"url":"http:\/\/apparthotel-bugey.com\/wp-content\/uploads\/2020\/03\/Plaque-Meuble_tourisme2_2020.jpg","type":"","width":"","height":""}],"twitter_card":"summary_large_image","twitter_misc":{"Dur\u00e9e de lecture estim\u00e9e":"2 minutes"},"schema":{"@context":"https:\/\/schema.org","@graph":[{"@type":"WebPage","@id":"https:\/\/apparthotel-bugey.com\/index.php\/le-montferrand-4p\/","url":"https:\/\/apparthotel-bugey.com\/index.php\/le-montferrand-4p\/","name":"Le Montferrand 4P - AppartH\u00f4tel-Bugey","isPartOf":{"@id":"http:\/\/apparthotel-bugey.com\/#website"},"primaryImageOfPage":{"@id":"https:\/\/apparthotel-bugey.com\/index.php\/le-montferrand-4p\/#primaryimage"},"image":{"@id":"https:\/\/apparthotel-bugey.com\/index.php\/le-montferrand-4p\/#primaryimage"},"thumbnailUrl":"http:\/\/apparthotel-bugey.com\/wp-content\/uploads\/2020\/03\/Plaque-Meuble_tourisme2_2020.jpg","datePublished":"2021-09-14T12:30:29+00:00","dateModified":"2021-12-08T09:52:37+00:00","breadcrumb":{"@id":"https:\/\/apparthotel-bugey.com\/index.php\/le-montferrand-4p\/#breadcrumb"},"inLanguage":"fr-FR","potentialAction":[{"@type":"ReadAction","target":["https:\/\/apparthotel-bugey.com\/index.php\/le-montferrand-4p\/"]}]},{"@type":"ImageObject","inLanguage":"fr-FR","@id":"https:\/\/apparthotel-bugey.com\/index.php\/le-montferrand-4p\/#primaryimage","url":"https:\/\/apparthotel-bugey.com\/wp-content\/uploads\/2020\/03\/Plaque-Meuble_tourisme2_2020.jpg","contentUrl":"https:\/\/apparthotel-bugey.com\/wp-content\/uploads\/2020\/03\/Plaque-Meuble_tourisme2_2020.jpg","width":1772,"height":1772},{"@type":"BreadcrumbList","@id":"https:\/\/apparthotel-bugey.com\/index.php\/le-montferrand-4p\/#breadcrumb","itemListElement":[{"@type":"ListItem","position":1,"name":"Accueil","item":"http:\/\/apparthotel-bugey.com\/"},{"@type":"ListItem","position":2,"name":"Le Montferrand 4P"}]},{"@type":"WebSite","@id":"http:\/\/apparthotel-bugey.com\/#website","url":"http:\/\/apparthotel-bugey.com\/","name":"AppartH\u00f4tel-Bugey","description":"Une exp\u00e9rience unique pour vos s\u00e9jours dans le Bugey","publisher":{"@id":"http:\/\/apparthotel-bugey.com\/#\/schema\/person\/19872d0783e546a25bab93cce75f15aa"},"potentialAction":[{"@type":"SearchAction","target":{"@type":"EntryPoint","urlTemplate":"http:\/\/apparthotel-bugey.com\/?s={search_term_string}"},"query-input":{"@type":"PropertyValueSpecification","valueRequired":true,"valueName":"search_term_string"}}],"inLanguage":"fr-FR"},{"@type":["Person","Organization"],"@id":"http:\/\/apparthotel-bugey.com\/#\/schema\/person\/19872d0783e546a25bab93cce75f15aa","name":"admin9791","image":{"@type":"ImageObject","inLanguage":"fr-FR","@id":"http:\/\/apparthotel-bugey.com\/#\/schema\/person\/image\/","url":"https:\/\/secure.gravatar.com\/avatar\/cfe01e4e429e4d00d284a1bb9f85f26582e01bf6e9feb1157e32a5be81d2abf9?s=96&d=mm&r=g","contentUrl":"https:\/\/secure.gravatar.com\/avatar\/cfe01e4e429e4d00d284a1bb9f85f26582e01bf6e9feb1157e32a5be81d2abf9?s=96&d=mm&r=g","caption":"admin9791"},"logo":{"@id":"http:\/\/apparthotel-bugey.com\/#\/schema\/person\/image\/"}}]}},"_links":{"self":[{"href":"https:\/\/apparthotel-bugey.com\/index.php\/wp-json\/wp\/v2\/pages\/321","targetHints":{"allow":["GET"]}}],"collection":[{"href":"https:\/\/apparthotel-bugey.com\/index.php\/wp-json\/wp\/v2\/pages"}],"about":[{"href":"https:\/\/apparthotel-bugey.com\/index.php\/wp-json\/wp\/v2\/types\/page"}],"author":[{"embeddable":true,"href":"https:\/\/apparthotel-bugey.com\/index.php\/wp-json\/wp\/v2\/users\/1"}],"replies":[{"embeddable":true,"href":"https:\/\/apparthotel-bugey.com\/index.php\/wp-json\/wp\/v2\/comments?post=321"}],"version-history":[{"count":9,"href":"https:\/\/apparthotel-bugey.com\/index.php\/wp-json\/wp\/v2\/pages\/321\/revisions"}],"predecessor-version":[{"id":370,"href":"https:\/\/apparthotel-bugey.com\/index.php\/wp-json\/wp\/v2\/pages\/321\/revisions\/370"}],"wp:attachment":[{"href":"https:\/\/apparthotel-bugey.com\/index.php\/wp-json\/wp\/v2\/media?parent=321"}],"curies":[{"name":"wp","href":"https:\/\/api.w.org\/{rel}","templated":true}]}}