{"id":29,"date":"2020-03-13T12:24:32","date_gmt":"2020-03-13T11:24:32","guid":{"rendered":"http:\/\/apparthotel-bugey.com\/?page_id=29"},"modified":"2025-08-11T16:19:11","modified_gmt":"2025-08-11T14:19:11","slug":"accueil","status":"publish","type":"page","link":"https:\/\/apparthotel-bugey.com\/","title":{"rendered":"Meubl\u00e9s de Tourisme Appart&rsquo;H\u00f4tel \u00e0 Bugey"},"content":{"rendered":"\n<div id=\"b24_widget_69e1a85114aba\"><span style=\"color:#fff\">Booking widget b24_widget_69e1a85114aba<\/span><\/div>\n\n<!-- jquery widget code -->\n<script>\njQuery(document).ready(function() {var b24Attr={widgettype:\"BookingStrip\",ownerid:\"60786\",alignment:\"center\",boxShadow:true,dateFormat:\"dd\/mm\/yy\",dateSelection:\"2\",defaultNightsAdvance:\"0\",defaultNumAdult:\"1\",defaultNumNight:\"2\",formAction:\"https:\/\/beds24.com\/booking.php\",maxAdult:\"6\",maxChild:\"5\",peopleSelection:\"2\",showLabels:true,weekFirstDay:\"1\",widgetLang:\"fr\",widgetType:\"BookingStrip\",};jQuery('#b24_widget_69e1a85114aba').bookWidget(b24Attr);});\n<\/script>\n\n\n<p>&nbsp;<\/p>\n<p>Bienvenue aux Appart'H\u00f4tels du Bugey,<img loading=\"lazy\" decoding=\"async\" class=\"wp-image-211 alignleft\" src=\"http:\/\/apparthotel-bugey.com\/wp-content\/uploads\/2020\/06\/logofb2.png\" alt=\"\" width=\"318\" height=\"218\" srcset=\"https:\/\/apparthotel-bugey.com\/wp-content\/uploads\/2020\/06\/logofb2.png 327w, https:\/\/apparthotel-bugey.com\/wp-content\/uploads\/2020\/06\/logofb2-300x206.png 300w\" sizes=\"auto, (max-width: 318px) 100vw, 318px\" \/><\/p>\n<p>&nbsp;<\/p>\n<p><strong>Pour vos d\u00e9placements professionnels ou vos voyages en famille<\/strong> pour d\u00e9couvrir la r\u00e9gion, les Meubl\u00e9s de Tourisme Appart'H\u00f4tel du Bugey sont la solution id\u00e9ale.<\/p>\n<p>&nbsp;<\/p>\n<p>&nbsp;<\/p>\n<p><img loading=\"lazy\" decoding=\"async\" class=\"wp-image-21 alignright\" src=\"http:\/\/apparthotel-bugey.com\/wp-content\/uploads\/2020\/03\/gdcolombier-150x150.jpg\" alt=\"\" width=\"199\" height=\"199\" \/><\/p>\n<p>Nous sommes situ\u00e9s \u00e0 proximit\u00e9 des lieux suivants :<\/p>\n<ul>\n<li>PIPA Plaine de l'Ain, Via-Rh\u00f4na, Polo Club de la Plaine de l'Ain,<\/li>\n<li>Parc du Cheval de Chazey sur Ain,<\/li>\n<li>CNPE du Bugey, UFPI, P\u00e9rouges, Parc du Cheval Rh\u00f4ne-Alpes, Les Grottes de la<img loading=\"lazy\" decoding=\"async\" class=\"wp-image-32 size-medium alignright\" src=\"http:\/\/apparthotel-bugey.com\/wp-content\/uploads\/2020\/03\/Logo-ViaRho\u0302na-300x157.jpg\" alt=\"\" width=\"300\" height=\"157\" srcset=\"https:\/\/apparthotel-bugey.com\/wp-content\/uploads\/2020\/03\/Logo-ViaRho\u0302na-300x157.jpg 300w, https:\/\/apparthotel-bugey.com\/wp-content\/uploads\/2020\/03\/Logo-ViaRho\u0302na-768x402.jpg 768w, https:\/\/apparthotel-bugey.com\/wp-content\/uploads\/2020\/03\/Logo-ViaRho\u0302na.jpg 1024w, https:\/\/apparthotel-bugey.com\/wp-content\/uploads\/2020\/03\/Logo-ViaRho\u0302na-676x354.jpg 676w\" sizes=\"auto, (max-width: 300px) 100vw, 300px\" \/>\u00a0Balme,<\/li>\n<li>la Vall\u00e9e Bleue (Montalieu Vercieu),<\/li>\n<li>Ch\u00e2teau de Saint Maurice de Remens (Festival Printemps de P\u00e9rouges),<\/li>\n<li>Transpolis Saint Maurice de Remens,<\/li>\n<li class=\"DUwDvf lfPIob\">Karting du Bugey \u00e0 Ch\u00e2teau-Gaillard<\/li>\n<li>Cit\u00e9 M\u00e9di\u00e9vale de Cr\u00e9mieu,<\/li>\n<li>Base miliaire d'Amb\u00e9rieu-en-Bugey,<\/li>\n<li>Parc des oiseaux Villars les Dombes,<\/li>\n<li>Groupama Stadium, Grand Parc Miribel Jonage, Lyon, A\u00e9roport Lyon Saint Exup\u00e9ry.<\/li>\n<li>Amb\u00e9rieu en Bugey, Meximieux, ...<\/li>\n<\/ul>\n<p>&nbsp;<\/p>\n<p data-start=\"80\" data-end=\"178\"><strong data-start=\"80\" data-end=\"176\">S\u00e9journez aux Appart\u2019H\u00f4tel du Bugey : confort, intimit\u00e9 et libert\u00e9 dans un appartement priv\u00e9<\/strong><\/p>\n<p data-start=\"180\" data-end=\"451\">Choisir les Appart\u2019H\u00f4tel du Bugey, c\u2019est opter pour un h\u00e9bergement alliant confort et ind\u00e9pendance, bien plus spacieux qu\u2019une chambre d\u2019h\u00f4tel classique. Profitez d\u2019un espace de vie g\u00e9n\u00e9reux, id\u00e9al pour les s\u00e9jours professionnels ou touristiques dans la r\u00e9gion du Bugey.<\/p>\n<p data-start=\"453\" data-end=\"718\">Chaque appartement dispose d\u2019une cuisine enti\u00e8rement \u00e9quip\u00e9e, parfaite pour pr\u00e9parer vos repas quand vous pr\u00e9f\u00e9rez rester au calme plut\u00f4t que de d\u00e9jeuner \u00e0 l\u2019ext\u00e9rieur. Vous b\u00e9n\u00e9ficiez d\u2019une grande libert\u00e9 sur vos horaires d\u2019arriv\u00e9e et de d\u00e9part, sans contrainte.<\/p>\n<p data-start=\"720\" data-end=\"869\">Tous nos appartements sont modernes, fonctionnels et adapt\u00e9s \u00e0 vos besoins. D\u00e9couvrez-les en cliquant sur le menu \"<strong>Appartement<\/strong>\" en haut de cette page.<\/p>\n<p data-start=\"871\" data-end=\"987\">Le bouton <strong data-start=\"881\" data-end=\"897\">\u00ab R\u00e9server \u00bb<\/strong> vous permet de r\u00e9server instantan\u00e9ment votre appartement en ligne, en toute simplicit\u00e9.<\/p>\n<p data-start=\"989\" data-end=\"1122\">Vous avez des questions ? Notre rubrique <strong data-start=\"1030\" data-end=\"1045\">\u00ab Contact \u00bb<\/strong> est disponible pour vous accompagner avant, pendant et apr\u00e8s votre s\u00e9jour.<\/p>\n<p data-start=\"1124\" data-end=\"1344\">Nos appartements sont \u00e9galement disponibles sur les principales plateformes de r\u00e9servation, mais r\u00e9server directement sur notre site vous garantit les meilleurs tarifs, sans frais cach\u00e9s ni commissions suppl\u00e9mentaires.<\/p>\n<p data-start=\"1346\" data-end=\"1428\">Nos prix affich\u00e9s sont TTC (Toutes Taxes Comprises), transparents et avantageux.<\/p>\n<p data-start=\"1430\" data-end=\"1680\">Votre confort et votre satisfaction sont notre priorit\u00e9 tout au long de votre exp\u00e9rience aux Appart\u2019H\u00f4tel du Bugey. N\u2019h\u00e9sitez pas \u00e0 consulter notre FAQ dans la rubrique Contact pour obtenir rapidement les r\u00e9ponses aux questions les plus fr\u00e9quentes.<\/p>\n","protected":false},"excerpt":{"rendered":"<p>&nbsp; Bienvenue aux Appart&rsquo;H\u00f4tels du Bugey, &nbsp; Pour vos d\u00e9placements professionnels ou vos voyages en famille pour d\u00e9couvrir la r\u00e9gion, les Meubl\u00e9s de Tourisme Appart&rsquo;H\u00f4tel du Bugey sont la solution id\u00e9ale. &nbsp; &nbsp; Nous sommes situ\u00e9s \u00e0 proximit\u00e9 des lieux suivants : PIPA Plaine de l&rsquo;Ain, Via-Rh\u00f4na, Polo Club de la Plaine de l&rsquo;Ain, Parc [&hellip;]<\/p>\n","protected":false},"author":1,"featured_media":0,"parent":0,"menu_order":0,"comment_status":"closed","ping_status":"closed","template":"","meta":{"_exactmetrics_skip_tracking":false,"_exactmetrics_sitenote_active":false,"_exactmetrics_sitenote_note":"","_exactmetrics_sitenote_category":0,"footnotes":""},"class_list":["post-29","page","type-page","status-publish","hentry","post-preview"],"yoast_head":"<!-- This site is optimized with the Yoast SEO plugin v26.3 - https:\/\/yoast.com\/wordpress\/plugins\/seo\/ -->\n<title>Meubl\u00e9s de Tourisme Appart&#039;H\u00f4tel \u00e0 Bugey - Calme et Confort<\/title>\n<meta name=\"description\" content=\"Meubl\u00e9s de Tourisme Appart&#039;H\u00f4tel \u00e0 Bugey : Pour vos vacances ou vos voyages d&#039;affaire, les Appart&#039;H\u00f4tel de Bugey sont la solution id\u00e9ale.\" \/>\n<meta name=\"robots\" content=\"noindex, follow\" \/>\n<meta property=\"og:locale\" content=\"fr_FR\" \/>\n<meta property=\"og:type\" content=\"article\" \/>\n<meta property=\"og:title\" content=\"Meubl\u00e9s de Tourisme Appart&#039;H\u00f4tel \u00e0 Bugey - Calme et Confort\" \/>\n<meta property=\"og:description\" content=\"Meubl\u00e9s de Tourisme Appart&#039;H\u00f4tel \u00e0 Bugey : Pour vos vacances ou vos voyages d&#039;affaire, les Appart&#039;H\u00f4tel de Bugey sont la solution id\u00e9ale.\" \/>\n<meta property=\"og:url\" content=\"http:\/\/apparthotel-bugey.com\/\" \/>\n<meta property=\"og:site_name\" content=\"AppartH\u00f4tel-Bugey\" \/>\n<meta property=\"article:modified_time\" content=\"2025-08-11T14:19:11+00:00\" \/>\n<meta property=\"og:image\" content=\"http:\/\/apparthotel-bugey.com\/wp-content\/uploads\/2020\/06\/logofb2.png\" \/>\n<meta name=\"twitter:card\" content=\"summary_large_image\" \/>\n<meta name=\"twitter:label1\" content=\"Dur\u00e9e de lecture estim\u00e9e\" \/>\n\t<meta name=\"twitter:data1\" content=\"3 minutes\" \/>\n<script type=\"application\/ld+json\" class=\"yoast-schema-graph\">{\"@context\":\"https:\/\/schema.org\",\"@graph\":[{\"@type\":\"WebPage\",\"@id\":\"http:\/\/apparthotel-bugey.com\/\",\"url\":\"http:\/\/apparthotel-bugey.com\/\",\"name\":\"Meubl\u00e9s de Tourisme Appart'H\u00f4tel \u00e0 Bugey - Calme et Confort\",\"isPartOf\":{\"@id\":\"http:\/\/apparthotel-bugey.com\/#website\"},\"primaryImageOfPage\":{\"@id\":\"http:\/\/apparthotel-bugey.com\/#primaryimage\"},\"image\":{\"@id\":\"http:\/\/apparthotel-bugey.com\/#primaryimage\"},\"thumbnailUrl\":\"http:\/\/apparthotel-bugey.com\/wp-content\/uploads\/2020\/06\/logofb2.png\",\"datePublished\":\"2020-03-13T11:24:32+00:00\",\"dateModified\":\"2025-08-11T14:19:11+00:00\",\"description\":\"Meubl\u00e9s de Tourisme Appart'H\u00f4tel \u00e0 Bugey : Pour vos vacances ou vos voyages d'affaire, les Appart'H\u00f4tel de Bugey sont la solution id\u00e9ale.\",\"breadcrumb\":{\"@id\":\"http:\/\/apparthotel-bugey.com\/#breadcrumb\"},\"inLanguage\":\"fr-FR\",\"potentialAction\":[{\"@type\":\"ReadAction\",\"target\":[\"http:\/\/apparthotel-bugey.com\/\"]}]},{\"@type\":\"ImageObject\",\"inLanguage\":\"fr-FR\",\"@id\":\"http:\/\/apparthotel-bugey.com\/#primaryimage\",\"url\":\"https:\/\/apparthotel-bugey.com\/wp-content\/uploads\/2020\/06\/logofb2.png\",\"contentUrl\":\"https:\/\/apparthotel-bugey.com\/wp-content\/uploads\/2020\/06\/logofb2.png\",\"width\":327,\"height\":224},{\"@type\":\"BreadcrumbList\",\"@id\":\"http:\/\/apparthotel-bugey.com\/#breadcrumb\",\"itemListElement\":[{\"@type\":\"ListItem\",\"position\":1,\"name\":\"Accueil\",\"item\":\"http:\/\/apparthotel-bugey.com\/\"},{\"@type\":\"ListItem\",\"position\":2,\"name\":\"Meubl\u00e9s de Tourisme Appart&rsquo;H\u00f4tel \u00e0 Bugey\"}]},{\"@type\":\"WebSite\",\"@id\":\"http:\/\/apparthotel-bugey.com\/#website\",\"url\":\"http:\/\/apparthotel-bugey.com\/\",\"name\":\"AppartH\u00f4tel-Bugey\",\"description\":\"Une exp\u00e9rience unique pour vos s\u00e9jours dans le Bugey\",\"publisher\":{\"@id\":\"http:\/\/apparthotel-bugey.com\/#\/schema\/person\/19872d0783e546a25bab93cce75f15aa\"},\"potentialAction\":[{\"@type\":\"SearchAction\",\"target\":{\"@type\":\"EntryPoint\",\"urlTemplate\":\"http:\/\/apparthotel-bugey.com\/?s={search_term_string}\"},\"query-input\":{\"@type\":\"PropertyValueSpecification\",\"valueRequired\":true,\"valueName\":\"search_term_string\"}}],\"inLanguage\":\"fr-FR\"},{\"@type\":[\"Person\",\"Organization\"],\"@id\":\"http:\/\/apparthotel-bugey.com\/#\/schema\/person\/19872d0783e546a25bab93cce75f15aa\",\"name\":\"admin9791\",\"image\":{\"@type\":\"ImageObject\",\"inLanguage\":\"fr-FR\",\"@id\":\"http:\/\/apparthotel-bugey.com\/#\/schema\/person\/image\/\",\"url\":\"https:\/\/secure.gravatar.com\/avatar\/cfe01e4e429e4d00d284a1bb9f85f26582e01bf6e9feb1157e32a5be81d2abf9?s=96&d=mm&r=g\",\"contentUrl\":\"https:\/\/secure.gravatar.com\/avatar\/cfe01e4e429e4d00d284a1bb9f85f26582e01bf6e9feb1157e32a5be81d2abf9?s=96&d=mm&r=g\",\"caption\":\"admin9791\"},\"logo\":{\"@id\":\"http:\/\/apparthotel-bugey.com\/#\/schema\/person\/image\/\"}}]}<\/script>\n<!-- \/ Yoast SEO plugin. -->","yoast_head_json":{"title":"Meubl\u00e9s de Tourisme Appart'H\u00f4tel \u00e0 Bugey - Calme et Confort","description":"Meubl\u00e9s de Tourisme Appart'H\u00f4tel \u00e0 Bugey : Pour vos vacances ou vos voyages d'affaire, les Appart'H\u00f4tel de Bugey sont la solution id\u00e9ale.","robots":{"index":"noindex","follow":"follow"},"og_locale":"fr_FR","og_type":"article","og_title":"Meubl\u00e9s de Tourisme Appart'H\u00f4tel \u00e0 Bugey - Calme et Confort","og_description":"Meubl\u00e9s de Tourisme Appart'H\u00f4tel \u00e0 Bugey : Pour vos vacances ou vos voyages d'affaire, les Appart'H\u00f4tel de Bugey sont la solution id\u00e9ale.","og_url":"http:\/\/apparthotel-bugey.com\/","og_site_name":"AppartH\u00f4tel-Bugey","article_modified_time":"2025-08-11T14:19:11+00:00","og_image":[{"url":"http:\/\/apparthotel-bugey.com\/wp-content\/uploads\/2020\/06\/logofb2.png","type":"","width":"","height":""}],"twitter_card":"summary_large_image","twitter_misc":{"Dur\u00e9e de lecture estim\u00e9e":"3 minutes"},"schema":{"@context":"https:\/\/schema.org","@graph":[{"@type":"WebPage","@id":"http:\/\/apparthotel-bugey.com\/","url":"http:\/\/apparthotel-bugey.com\/","name":"Meubl\u00e9s de Tourisme Appart'H\u00f4tel \u00e0 Bugey - Calme et Confort","isPartOf":{"@id":"http:\/\/apparthotel-bugey.com\/#website"},"primaryImageOfPage":{"@id":"http:\/\/apparthotel-bugey.com\/#primaryimage"},"image":{"@id":"http:\/\/apparthotel-bugey.com\/#primaryimage"},"thumbnailUrl":"http:\/\/apparthotel-bugey.com\/wp-content\/uploads\/2020\/06\/logofb2.png","datePublished":"2020-03-13T11:24:32+00:00","dateModified":"2025-08-11T14:19:11+00:00","description":"Meubl\u00e9s de Tourisme Appart'H\u00f4tel \u00e0 Bugey : Pour vos vacances ou vos voyages d'affaire, les Appart'H\u00f4tel de Bugey sont la solution id\u00e9ale.","breadcrumb":{"@id":"http:\/\/apparthotel-bugey.com\/#breadcrumb"},"inLanguage":"fr-FR","potentialAction":[{"@type":"ReadAction","target":["http:\/\/apparthotel-bugey.com\/"]}]},{"@type":"ImageObject","inLanguage":"fr-FR","@id":"http:\/\/apparthotel-bugey.com\/#primaryimage","url":"https:\/\/apparthotel-bugey.com\/wp-content\/uploads\/2020\/06\/logofb2.png","contentUrl":"https:\/\/apparthotel-bugey.com\/wp-content\/uploads\/2020\/06\/logofb2.png","width":327,"height":224},{"@type":"BreadcrumbList","@id":"http:\/\/apparthotel-bugey.com\/#breadcrumb","itemListElement":[{"@type":"ListItem","position":1,"name":"Accueil","item":"http:\/\/apparthotel-bugey.com\/"},{"@type":"ListItem","position":2,"name":"Meubl\u00e9s de Tourisme Appart&rsquo;H\u00f4tel \u00e0 Bugey"}]},{"@type":"WebSite","@id":"http:\/\/apparthotel-bugey.com\/#website","url":"http:\/\/apparthotel-bugey.com\/","name":"AppartH\u00f4tel-Bugey","description":"Une exp\u00e9rience unique pour vos s\u00e9jours dans le Bugey","publisher":{"@id":"http:\/\/apparthotel-bugey.com\/#\/schema\/person\/19872d0783e546a25bab93cce75f15aa"},"potentialAction":[{"@type":"SearchAction","target":{"@type":"EntryPoint","urlTemplate":"http:\/\/apparthotel-bugey.com\/?s={search_term_string}"},"query-input":{"@type":"PropertyValueSpecification","valueRequired":true,"valueName":"search_term_string"}}],"inLanguage":"fr-FR"},{"@type":["Person","Organization"],"@id":"http:\/\/apparthotel-bugey.com\/#\/schema\/person\/19872d0783e546a25bab93cce75f15aa","name":"admin9791","image":{"@type":"ImageObject","inLanguage":"fr-FR","@id":"http:\/\/apparthotel-bugey.com\/#\/schema\/person\/image\/","url":"https:\/\/secure.gravatar.com\/avatar\/cfe01e4e429e4d00d284a1bb9f85f26582e01bf6e9feb1157e32a5be81d2abf9?s=96&d=mm&r=g","contentUrl":"https:\/\/secure.gravatar.com\/avatar\/cfe01e4e429e4d00d284a1bb9f85f26582e01bf6e9feb1157e32a5be81d2abf9?s=96&d=mm&r=g","caption":"admin9791"},"logo":{"@id":"http:\/\/apparthotel-bugey.com\/#\/schema\/person\/image\/"}}]}},"_links":{"self":[{"href":"https:\/\/apparthotel-bugey.com\/index.php\/wp-json\/wp\/v2\/pages\/29","targetHints":{"allow":["GET"]}}],"collection":[{"href":"https:\/\/apparthotel-bugey.com\/index.php\/wp-json\/wp\/v2\/pages"}],"about":[{"href":"https:\/\/apparthotel-bugey.com\/index.php\/wp-json\/wp\/v2\/types\/page"}],"author":[{"embeddable":true,"href":"https:\/\/apparthotel-bugey.com\/index.php\/wp-json\/wp\/v2\/users\/1"}],"replies":[{"embeddable":true,"href":"https:\/\/apparthotel-bugey.com\/index.php\/wp-json\/wp\/v2\/comments?post=29"}],"version-history":[{"count":20,"href":"https:\/\/apparthotel-bugey.com\/index.php\/wp-json\/wp\/v2\/pages\/29\/revisions"}],"predecessor-version":[{"id":648,"href":"https:\/\/apparthotel-bugey.com\/index.php\/wp-json\/wp\/v2\/pages\/29\/revisions\/648"}],"wp:attachment":[{"href":"https:\/\/apparthotel-bugey.com\/index.php\/wp-json\/wp\/v2\/media?parent=29"}],"curies":[{"name":"wp","href":"https:\/\/api.w.org\/{rel}","templated":true}]}}